{"id":8169,"date":"2022-11-09T17:49:38","date_gmt":"2022-11-09T17:49:38","guid":{"rendered":"http:\/\/nomasdeudas.srtv.cl\/?page_id=8169"},"modified":"2023-03-22T20:08:17","modified_gmt":"2023-03-22T20:08:17","slug":"defensa-deuda-con-tesoreria-general-de-la-republica","status":"publish","type":"page","link":"http:\/\/nomasdeudas.cl\/index.php\/defensa-deuda-con-tesoreria-general-de-la-republica\/","title":{"rendered":"Defensa deuda con Tesorer\u00eda General de la Rep\u00fablica"},"content":{"rendered":"<section class=\"l-section wpb_row height_custom with_img\"><div class=\"l-section-img\" style=\"background-image: url(http:\/\/nomasdeudas.cl\/wp-content\/uploads\/2022\/11\/DEFENSA-EN-JUICIO-CON-TESOSERIA-GENERAL-DE-LA-REPUBLICA-FOTO-INTERNA-INICIAL-scaled.jpg);background-repeat: no-repeat;\" data-img-width=\"2560\" data-img-height=\"1707\"><\/div><div class=\"l-section-overlay\" style=\"background:rgba(0,0,0,0.60)\"><\/div><div class=\"l-section-h i-cf\"><div class=\"g-cols vc_row via_flex valign_top type_default stacking_default\"><div class=\"vc_col-sm-12 wpb_column vc_column_container\"><div class=\"vc_column-inner\"><div class=\"wpb_wrapper\"><div class=\"w-separator size_huge\"><\/div><div class=\"wpb_text_column us_custom_d44d8758 has_text_color\"><div class=\"wpb_wrapper\"><h1 class=\"w-iconbox-title\">Defensa deuda con Tesorer\u00eda General de la Rep\u00fablica<\/h1>\n<\/div><\/div><div class=\"w-separator size_huge\"><\/div><\/div><\/div><\/div><\/div><\/div><\/section><section class=\"l-section wpb_row height_custom\"><div class=\"l-section-h i-cf\"><div class=\"g-cols vc_row via_flex valign_top type_default stacking_default\"><div class=\"vc_col-sm-12 wpb_column vc_column_container\"><div class=\"vc_column-inner\"><div class=\"wpb_wrapper\"><div class=\"g-cols wpb_row via_flex valign_top type_default stacking_default\"><div class=\"vc_col-sm-6 wpb_column vc_column_container\"><div class=\"vc_column-inner\"><div class=\"wpb_wrapper\"><div class=\"wpb_text_column\"><div class=\"wpb_wrapper\"><p><strong>\u00bfQu\u00e9 deudas de Tesorer\u00eda se pueden eliminar?<\/strong><\/p>\n<ol>\n<li>IVA<\/li>\n<li>Renta<\/li>\n<li>Contribuciones<\/li>\n<li>Multas<\/li>\n<li>Otras<\/li>\n<\/ol>\n<p><strong>\u00bfCu\u00e1l es el plazo para asumir una defensa en un juicio de cobranza presentado por Tesorer\u00eda?<\/strong><\/p>\n<p>El plazo es de 10 d\u00edas h\u00e1biles y se computa a partir de la notificaci\u00f3n de la demanda.<\/p>\n<\/div><\/div><div class=\"w-separator size_large\"><\/div><div class=\"w-text us_custom_2007d135\"><span class=\"w-text-h\"><span class=\"w-text-value\">Evaluamos GRATIS tu caso y ELIMINAMOS tus obligaciones con Tesorer\u00eda<\/span><\/span><\/div><div class=\"w-separator size_small\"><\/div><div class=\"w-btn-wrapper align_center\"><a class=\"w-btn us-btn-style_1\" href=\"#FORMULARIO_TESORERIA\"><span class=\"w-btn-label\">ELIMINAR DEUDAS DE TESORER\u00cdA AQU\u00cd<\/span><\/a><\/div><div class=\"w-separator size_large\"><\/div><div class=\"wpb_text_column us_custom_432d3f53\"><div class=\"wpb_wrapper\"><p><strong>\u00bfPrescribe la acci\u00f3n del fisco para perseguir deudas por impuestos?<\/strong><\/p>\n<p>Si, es factible que prescriban y se debe presentar una demanda de prescripci\u00f3n en los Tribunales de Letras que declare la misma, pues, esta no opera de forma autom\u00e1tica. Tambi\u00e9n, es posible asumir una defensa en un juicio presentado por la Tesorer\u00eda y pedir que se declare la prescripci\u00f3n.<\/p>\n<p><strong>\u00bfCu\u00e1l es el plazo de prescripci\u00f3n de la acci\u00f3n del fisco?<\/strong><\/p>\n<p>Debemos distinguir si estamos en presencia de impuestos sujetos a declaraci\u00f3n o impuestos no sujetos a declaraci\u00f3n, en el primer caso es de 6 a\u00f1os y en el segundo caso es de 3 a\u00f1os. El plazo se computa desde la fecha en que se debi\u00f3 pagar el impuesto.<\/p>\n<\/div><\/div><\/div><\/div><\/div><div class=\"vc_col-sm-6 wpb_column vc_column_container\"><div class=\"vc_column-inner\"><div class=\"wpb_wrapper\"><div class=\"w-image align_none\"><div class=\"w-image-h\"><img width=\"683\" height=\"1024\" src=\"http:\/\/nomasdeudas.cl\/wp-content\/uploads\/2022\/11\/DEFENSA-EN-JUICIO-CON-TESOSERIA-GENERAL-DE-LA-REPUBLICA-FOTO-PESTANA-SERVICIOS-683x1024.jpg\" class=\"attachment-large size-large\" alt=\"\" decoding=\"async\" loading=\"lazy\" srcset=\"http:\/\/nomasdeudas.cl\/wp-content\/uploads\/2022\/11\/DEFENSA-EN-JUICIO-CON-TESOSERIA-GENERAL-DE-LA-REPUBLICA-FOTO-PESTANA-SERVICIOS-683x1024.jpg 683w, http:\/\/nomasdeudas.cl\/wp-content\/uploads\/2022\/11\/DEFENSA-EN-JUICIO-CON-TESOSERIA-GENERAL-DE-LA-REPUBLICA-FOTO-PESTANA-SERVICIOS-200x300.jpg 200w, http:\/\/nomasdeudas.cl\/wp-content\/uploads\/2022\/11\/DEFENSA-EN-JUICIO-CON-TESOSERIA-GENERAL-DE-LA-REPUBLICA-FOTO-PESTANA-SERVICIOS-1024x1536.jpg 1024w, http:\/\/nomasdeudas.cl\/wp-content\/uploads\/2022\/11\/DEFENSA-EN-JUICIO-CON-TESOSERIA-GENERAL-DE-LA-REPUBLICA-FOTO-PESTANA-SERVICIOS-600x900.jpg 600w, http:\/\/nomasdeudas.cl\/wp-content\/uploads\/2022\/11\/DEFENSA-EN-JUICIO-CON-TESOSERIA-GENERAL-DE-LA-REPUBLICA-FOTO-PESTANA-SERVICIOS-scaled.jpg 1707w\" sizes=\"(max-width: 683px) 100vw, 683px\" \/><\/div><\/div><\/div><\/div><\/div><\/div><\/div><\/div><\/div><\/div><\/div><\/section><section class=\"l-section wpb_row us_custom_e35f8866 height_custom\" id=\"FORMULARIO_TESORERIA\"><div class=\"l-section-h i-cf\"><div class=\"g-cols vc_row via_flex valign_top type_default stacking_default\"><div class=\"vc_col-sm-12 wpb_column vc_column_container\"><div class=\"vc_column-inner\"><div class=\"wpb_wrapper\"><h3 class=\"w-text us_custom_d44d8758 has_text_color\"><span class=\"w-text-h\"><span class=\"w-text-value\">\u00a1EVALUACI\u00d3N GRATIS!<\/span><\/span><\/h3><p class=\"w-text us_custom_d44d8758 has_text_color\"><span class=\"w-text-h\"><span class=\"w-text-value\">Cu\u00e9ntanos tu caso y env\u00edanos tus datos de contacto, nosotros haremos una evaluaci\u00f3n gratuita y te daremos a conocer las opciones que la ley ofrece, todo con el objetivo de solucionar tus problemas, \u00a1no pierdas esta oportunidad!<\/span><\/span><\/p><form class=\"w-form  layout_ver for_cform us_form_1\" autocomplete=\"off\" action=\"http:\/\/nomasdeudas.cl\/index.php\/wp-json\/wp\/v2\/pages\/8169\" method=\"post\"><div class=\"w-form-h\"><div class=\"w-form-row for_text required\">\n\t\t<div class=\"w-form-row-field\">\n\t\t\t\t\t\t<input aria-label=\"Nombre\" type=\"text\" name=\"us_form_1_text_1\" value placeholder=\"Nombre *\" data-required=\"true\" aria-required=\"true\"\/>\n\t\t\t<\/div>\n\t\t<div class=\"w-form-row-state\">Rellena este campo<\/div>\n<\/div>\n<div class=\"w-form-row for_text required\">\n\t\t<div class=\"w-form-row-field\">\n\t\t\t\t\t\t<input aria-label=\"Tel\u00e9fono\" type=\"text\" name=\"us_form_1_text_2\" value placeholder=\"Tel\u00e9fono *\" data-required=\"true\" aria-required=\"true\"\/>\n\t\t\t<\/div>\n\t\t<div class=\"w-form-row-state\">Rellena este campo<\/div>\n<\/div>\n<div class=\"w-form-row for_email required\">\n\t\t<div class=\"w-form-row-field\">\n\t\t\t\t\t\t<input aria-label=\"Correo electr\u00f3nico\" type=\"email\" name=\"us_form_1_email_1\" value placeholder=\"Correo electr\u00f3nico *\" data-required=\"true\" aria-required=\"true\"\/>\n\t\t\t<\/div>\n\t\t<div class=\"w-form-row-state\">Por favor, introduce una direcci\u00f3n de correo electr\u00f3nico v\u00e1lida.<\/div>\n<\/div>\n<div class=\"w-form-row for_select\">\n\t\t<div class=\"w-form-row-field\">\n\t\t\t\t\t\t<select aria-label=\"us_form_1_select_1\" name=\"us_form_1_select_1\">\n\t\t\t<option value=\"Regi\u00f3n de Arica y Parinacota\">Regi\u00f3n de Arica y Parinacota<\/option><option value=\"Regi\u00f3n de Tarapac\u00e1\">Regi\u00f3n de Tarapac\u00e1<\/option><option value=\"Regi\u00f3n de Antofagasta\">Regi\u00f3n de Antofagasta<\/option><option value=\"Regi\u00f3n de Atacama\">Regi\u00f3n de Atacama<\/option><option value=\"Regi\u00f3n de Coquimbo\">Regi\u00f3n de Coquimbo<\/option><option value=\"Regi\u00f3n de Valpara\u00edso\">Regi\u00f3n de Valpara\u00edso<\/option><option value=\"Regi\u00f3n Metropolitana\">Regi\u00f3n Metropolitana<\/option><option value=\"Regi\u00f3n de O\u2019Higgins\">Regi\u00f3n de O\u2019Higgins<\/option><option value=\"Regi\u00f3n del Maule\">Regi\u00f3n del Maule<\/option><option value=\"Regi\u00f3n del \u00d1uble\">Regi\u00f3n del \u00d1uble<\/option><option value=\"Regi\u00f3n del Biob\u00edo\">Regi\u00f3n del Biob\u00edo<\/option><option value=\"Regi\u00f3n de La Araucan\u00eda\">Regi\u00f3n de La Araucan\u00eda<\/option><option value=\"Regi\u00f3n de Los R\u00edos\">Regi\u00f3n de Los R\u00edos<\/option><option value=\"Regi\u00f3n de Los Lagos\">Regi\u00f3n de Los Lagos<\/option><option value=\"Regi\u00f3n de Ays\u00e9n\">Regi\u00f3n de Ays\u00e9n<\/option><option value=\"Regi\u00f3n de Magallanes\">Regi\u00f3n de Magallanes<\/option>\t\t<\/select>\n\t\t\t<\/div>\n\t\t<div class=\"w-form-row-state\">Selecciona una opci\u00f3n<\/div>\n<\/div>\n<div class=\"w-form-row for_textarea required\">\n\t\t<div class=\"w-form-row-field\">\n\t\t\t\t\t\t<textarea aria-label=\"Cu\u00e9ntanos tu caso\" name=\"us_form_1_textarea_1\" placeholder=\"Cu\u00e9ntanos tu caso *\" data-required=\"true\" aria-required=\"true\"><\/textarea>\n\t\t\t<\/div>\n\t\t<div class=\"w-form-row-state\">Rellena este campo<\/div>\n<\/div>\n<input type=\"hidden\" name=\"action\" value=\"us_ajax_cform\" \/>\n<input type=\"hidden\" name=\"post_id\" value=\"0\" \/>\n<input type=\"hidden\" name=\"form_index\" value=\"1\" \/>\n<div class=\"w-form-row for_submit  align_center\">\n\t<button class=\"w-btn  us-btn-style_1\" aria-label=\"Enviar\" type=\"submit\">\n\t\t<span class=\"g-preloader type_1\"><\/span>\n\t\t\t\t<span class=\"w-btn-label\">Enviar<\/span>\n\t\t\t<\/button>\n\t<\/div>\n<\/div><div class=\"w-form-message\"><\/div><div class=\"w-form-json hidden\" onclick='return {&quot;ajaxurl&quot;:&quot;http:\\\/\\\/nomasdeudas.cl\\\/wp-admin\\\/admin-ajax.php&quot;,&quot;messages&quot;:{&quot;err_empty&quot;:&quot;Rellena este campo&quot;,&quot;err_size&quot;:&quot;File size cannot exceed %s MB&quot;,&quot;err_extension&quot;:&quot;%s file type is not allowed&quot;}}'><\/div><\/form><\/div><\/div><\/div><\/div><\/div><\/section>\n","protected":false},"excerpt":{"rendered":"Defensa deuda con Tesorer\u00eda General de la Rep\u00fablica \u00bfQu\u00e9 deudas de Tesorer\u00eda se pueden eliminar? IVA Renta Contribuciones Multas Otras \u00bfCu\u00e1l es el plazo para asumir una defensa en un juicio de cobranza presentado por Tesorer\u00eda? El plazo es de 10 d\u00edas h\u00e1biles y se computa a partir de la notificaci\u00f3n de la demanda. Evaluamos...","protected":false},"author":1,"featured_media":8175,"parent":0,"menu_order":0,"comment_status":"closed","ping_status":"closed","template":"","meta":{"footnotes":""},"acf":[],"_links":{"self":[{"href":"http:\/\/nomasdeudas.cl\/index.php\/wp-json\/wp\/v2\/pages\/8169"}],"collection":[{"href":"http:\/\/nomasdeudas.cl\/index.php\/wp-json\/wp\/v2\/pages"}],"about":[{"href":"http:\/\/nomasdeudas.cl\/index.php\/wp-json\/wp\/v2\/types\/page"}],"author":[{"embeddable":true,"href":"http:\/\/nomasdeudas.cl\/index.php\/wp-json\/wp\/v2\/users\/1"}],"replies":[{"embeddable":true,"href":"http:\/\/nomasdeudas.cl\/index.php\/wp-json\/wp\/v2\/comments?post=8169"}],"version-history":[{"count":12,"href":"http:\/\/nomasdeudas.cl\/index.php\/wp-json\/wp\/v2\/pages\/8169\/revisions"}],"predecessor-version":[{"id":8460,"href":"http:\/\/nomasdeudas.cl\/index.php\/wp-json\/wp\/v2\/pages\/8169\/revisions\/8460"}],"wp:featuredmedia":[{"embeddable":true,"href":"http:\/\/nomasdeudas.cl\/index.php\/wp-json\/wp\/v2\/media\/8175"}],"wp:attachment":[{"href":"http:\/\/nomasdeudas.cl\/index.php\/wp-json\/wp\/v2\/media?parent=8169"}],"curies":[{"name":"wp","href":"https:\/\/api.w.org\/{rel}","templated":true}]}}