{"id":8187,"date":"2022-11-09T18:12:35","date_gmt":"2022-11-09T18:12:35","guid":{"rendered":"http:\/\/nomasdeudas.srtv.cl\/?page_id=8187"},"modified":"2023-08-02T10:02:58","modified_gmt":"2023-08-02T10:02:58","slug":"quiebra-para-personas-naturales","status":"publish","type":"page","link":"http:\/\/nomasdeudas.cl\/index.php\/quiebra-para-personas-naturales\/","title":{"rendered":"Quiebra para personas naturales"},"content":{"rendered":"<section class=\"l-section wpb_row height_custom with_img\"><div class=\"l-section-img\" style=\"background-image: url(http:\/\/nomasdeudas.cl\/wp-content\/uploads\/2022\/11\/quiebra-para-personas-naturales-FOTO-INTERNA-INICIAL-scaled.jpg);background-repeat: no-repeat;\" data-img-width=\"2560\" data-img-height=\"1707\"><\/div><div class=\"l-section-overlay\" style=\"background:rgba(0,0,0,0.60)\"><\/div><div class=\"l-section-h i-cf\"><div class=\"g-cols vc_row via_flex valign_top type_default stacking_default\"><div class=\"vc_col-sm-12 wpb_column vc_column_container\"><div class=\"vc_column-inner\"><div class=\"wpb_wrapper\"><div class=\"w-separator size_huge\"><\/div><div class=\"wpb_text_column us_custom_d44d8758 has_text_color\"><div class=\"wpb_wrapper\"><h1 class=\"w-iconbox-title\">Quiebra para personas naturales<\/h1>\n<\/div><\/div><div class=\"w-separator size_huge\"><\/div><\/div><\/div><\/div><\/div><\/div><\/section><section class=\"l-section wpb_row height_custom\"><div class=\"l-section-h i-cf\"><div class=\"g-cols vc_row via_flex valign_top type_default stacking_default\"><div class=\"vc_col-sm-12 wpb_column vc_column_container\"><div class=\"vc_column-inner\"><div class=\"wpb_wrapper\"><div class=\"g-cols wpb_row via_flex valign_top type_default stacking_default\"><div class=\"vc_col-sm-6 wpb_column vc_column_container\"><div class=\"vc_column-inner\"><div class=\"wpb_wrapper\"><div class=\"wpb_text_column us_custom_432d3f53\"><div class=\"wpb_wrapper\"><p><strong>\u00bfQui\u00e9nes pueden solicitar la quiebra?<\/strong><\/p>\n<ol>\n<li>Personas con contrato de trabajo.<\/li>\n<li>Personas que emiten boletas de honorarios.<\/li>\n<li>Personas cesantes.<\/li>\n<li>Estudiantes.<\/li>\n<li>Trabajadores independientes.<\/li>\n<\/ol>\n<p><strong>\u00bfQu\u00e9 clase de deudas se pueden eliminar declarando la quiebra?<\/strong><\/p>\n<ol>\n<li>Cl\u00ednicas<\/li>\n<li>Farmacias<\/li>\n<li>Autopistas<\/li>\n<li>Tarjetas de cr\u00e9dito<\/li>\n<li>Cr\u00e9ditos de consumo<\/li>\n<li>Previsionales<\/li>\n<li>Impuestos<\/li>\n<li>Cr\u00e9ditos hipotecarios<\/li>\n<li>Otras<\/li>\n<\/ol>\n<\/div><\/div><div class=\"w-separator size_large\"><\/div><div class=\"w-text us_custom_2007d135\"><span class=\"w-text-h\"><span class=\"w-text-value\">Si no resolvemos tus problemas, te devolvemos lo pagado, \u00a1consulta gratis!<\/span><\/span><\/div><div class=\"w-separator size_small\"><\/div><div class=\"w-btn-wrapper align_center\"><a class=\"w-btn us-btn-style_1\" href=\"#FORMULARIO_QUIEBRA_PERSONAL\"><span class=\"w-btn-label\">DECL\u00c1RATE EN QUIEBRA AQU\u00cd<\/span><\/a><\/div><div class=\"w-separator size_large\"><\/div><div class=\"wpb_text_column us_custom_432d3f53\"><div class=\"wpb_wrapper\"><p><strong>\u00bfCu\u00e1les son los beneficios de declararse en quiebra?<\/strong><\/p>\n<ol>\n<li>La extinci\u00f3n de la totalidad de las obligaciones financieras.<\/li>\n<li>Eliminaci\u00f3n de todos los antecedentes comerciales negativos de la persona morosa.<\/li>\n<li>Convertirse nuevamente en sujeto de cr\u00e9dito.<\/li>\n<li>Volver a adquirir bienes si temor a ser embargados.<\/li>\n<\/ol>\n<p><strong>\u00bfRequiero de un abogado para iniciar el proceso de quiebra o liquidaci\u00f3n voluntaria de bienes?<\/strong><\/p>\n<p>Al tratarse de un proceso judicial, es indispensable contar con un abogado de confianza que lo represente, con el prop\u00f3sito de garantizar en todo momento los derechos consagrados en nuestra legislaci\u00f3n a favor de la persona.<\/p>\n<\/div><\/div><div class=\"w-separator size_small\"><\/div><div class=\"wpb_text_column us_custom_432d3f53\"><div class=\"wpb_wrapper\"><p><strong>Procesos de quiebras con otros abogados:<\/strong><\/p>\n<ol>\n<li>Lentos<\/li>\n<li>Engorrosos<\/li>\n<li>Sin resultados<\/li>\n<\/ol>\n<p><strong>Procesos de quiebras con No M\u00e1s Deudas:<\/strong><\/p>\n<ol>\n<li>Expedito<\/li>\n<li>Transparente<\/li>\n<li>Confiable<\/li>\n<li>Resultados exitosos<\/li>\n<li>Tiempo record<\/li>\n<\/ol>\n<p>En No M\u00e1s Deudas entregamos el servicio de asesor\u00eda legal para poder realizar todo el proceso de declaraci\u00f3n de quiebra, desde una evaluaci\u00f3n previa sin costo hasta que finalmente tus obligaciones son eliminadas. Tendr\u00e1s a un abogado que se dedique 100% a tu caso, ejecutando cada fase del proceso.<\/p>\n<\/div><\/div><\/div><\/div><\/div><div class=\"vc_col-sm-6 wpb_column vc_column_container\"><div class=\"vc_column-inner\"><div class=\"wpb_wrapper\"><div class=\"w-image align_none\"><div class=\"w-image-h\"><img width=\"1024\" height=\"683\" src=\"http:\/\/nomasdeudas.cl\/wp-content\/uploads\/2022\/11\/quiebra-para-personas-naturales-foto-pestana-servicios-1024x683.jpg\" class=\"attachment-large size-large\" alt=\"\" decoding=\"async\" loading=\"lazy\" srcset=\"http:\/\/nomasdeudas.cl\/wp-content\/uploads\/2022\/11\/quiebra-para-personas-naturales-foto-pestana-servicios-1024x683.jpg 1024w, http:\/\/nomasdeudas.cl\/wp-content\/uploads\/2022\/11\/quiebra-para-personas-naturales-foto-pestana-servicios-300x200.jpg 300w, http:\/\/nomasdeudas.cl\/wp-content\/uploads\/2022\/11\/quiebra-para-personas-naturales-foto-pestana-servicios-1536x1024.jpg 1536w, http:\/\/nomasdeudas.cl\/wp-content\/uploads\/2022\/11\/quiebra-para-personas-naturales-foto-pestana-servicios-600x400.jpg 600w\" sizes=\"(max-width: 1024px) 100vw, 1024px\" \/><\/div><\/div><div class=\"w-separator size_large\"><\/div><div class=\"w-text us_custom_2007d135\"><span class=\"w-text-h\"><span class=\"w-text-value\">Somos los \u00fanicos que garantizan resultados, en caso contrario te devolvemos el dinero, \u00a1consulta gratis!<\/span><\/span><\/div><div class=\"w-separator size_small\"><\/div><div class=\"w-btn-wrapper align_center\"><a class=\"w-btn us-btn-style_1\" href=\"#FORMULARIO_QUIEBRA_PERSONAL\"><span class=\"w-btn-label\">DECL\u00c1RATE EN QUIEBRA AQU\u00cd<\/span><\/a><\/div><div class=\"w-separator size_large\"><\/div><div class=\"wpb_text_column us_custom_432d3f53\"><div class=\"wpb_wrapper\"><p><strong>\u00bfDe qu\u00e9 se trata la quiebra de persona natural o liquidaci\u00f3n voluntaria de bienes?<\/strong><\/p>\n<p>Lo primero que debes saber es que se trata de un proceso de car\u00e1cter judicial, consistente en poner todos los bienes de la persona deudora a disposici\u00f3n de un Liquidador de bienes, con el prop\u00f3sito de que \u00e9ste \u00faltimo los incaute y luego proceda a la venta de estos, lo que se recaude es para satisfacer las acreencias del deudor. Puede ocurrir y es lo m\u00e1s usual que el dinero recaudado no alcance para cancelar la totalidad de las obligaciones, en este caso los saldos negativos se extinguen, pasando de esta manera la deuda a eliminarse en su totalidad.<\/p>\n<p><strong>\u00bfCu\u00e1les son los requisitos para declararme en quiebra?<\/strong><\/p>\n<p>El requisito general e indispensable es tener un sobreendeudamiento que no le permita cumplir con sus compromisos crediticios, es decir, que le sea imposible dar cumplimiento a todas sus obligaciones, en estos casos, podemos se\u00f1alar a ciencia cierta, de que nos encontramos en una situaci\u00f3n de insolvencia. Adem\u00e1s, se debe presentar una solicitud frente a los Tribunales de Justicias, que debe contener lo siguiente:<\/p>\n<ol>\n<li>Listado de sus bienes, lugar en que se encuentran y los grav\u00e1menes que les afecten.<\/li>\n<li>Listado de los bienes inembargables, ya que, quedan excluidos de la liquidaci\u00f3n o quiebra.<\/li>\n<li>Declarar los juicios pendientes con efectos patrimoniales.<\/li>\n<li>Enunciar el estado de las deudas y naturaleza de estas, nombre, domicilio y datos de contacto de sus acreedores.<\/li>\n<\/ol>\n<p><strong>\u00bfEtapas del proceso de quiebra de persona natural o liquidaci\u00f3n voluntaria de bienes?<\/strong><\/p>\n<ol>\n<li>Se debe presentar la solicitud ante los Tribunales de Justicia, solicitud que debe ir patrocinada por un abogado.<\/li>\n<li>Luego se debe pedir el nombramiento de un Liquidador en la Superintendencia de Insolvencia y Reemprendimiento.<\/li>\n<li>El tribunal pronunciar\u00e1 la resoluci\u00f3n que declara la quiebra.<\/li>\n<li>Sus acreedores quedan habilitados para verificar sus cr\u00e9ditos en el proceso judicial.<\/li>\n<li>Se proceder\u00e1 a la incautaci\u00f3n de aquellos bienes se\u00f1alados en la solicitud de liquidaci\u00f3n o quiebra de la persona deudora.<\/li>\n<li>El Liquidador dar\u00e1 cuanta a los acreedores y al Tribunal de su gesti\u00f3n, es decir, se debe presentar un informe detallado con los bienes rematados, el dinero obtenido y cuanto se pag\u00f3 a cada acreedor. Es lo que se denomina <em>\u201ccuenta final de administraci\u00f3n<\/em>\u201d<\/li>\n<li>El Tribunal pronuncia una resoluci\u00f3n llamada <em>\u201cresoluci\u00f3n de t\u00e9rmino\u201d.<\/em><\/li>\n<li>La \u00faltima etapa consiste en una gesti\u00f3n administrativa, en donde se solicita a la Superintendencia de Insolvencia y Reemprendimiento un certificado de t\u00e9rmino del proceso.<\/li>\n<\/ol>\n<\/div><\/div><\/div><\/div><\/div><\/div><\/div><\/div><\/div><\/div><\/div><\/section><section class=\"l-section wpb_row us_custom_e35f8866 height_custom\" id=\"FORMULARIO_QUIEBRA_PERSONAL\"><div class=\"l-section-h i-cf\"><div class=\"g-cols vc_row via_flex valign_top type_default stacking_default\"><div class=\"vc_col-sm-12 wpb_column vc_column_container\"><div class=\"vc_column-inner\"><div class=\"wpb_wrapper\"><h3 class=\"w-text us_custom_d44d8758 has_text_color\"><span class=\"w-text-h\"><span class=\"w-text-value\">Realiza tus consultas gratis<\/span><\/span><\/h3><p class=\"w-text us_custom_d44d8758 has_text_color\"><span class=\"w-text-h\"><span class=\"w-text-value\">Cu\u00e9ntanos tu caso y env\u00edanos tus datos de contacto, resolveremos tus consultas de manera gratuita y te daremos a conocer las opciones que la ley ofrece seg\u00fan tu situaci\u00f3n actual.<\/span><\/span><\/p><form class=\"w-form  layout_ver for_cform us_form_1\" autocomplete=\"off\" action=\"http:\/\/nomasdeudas.cl\/index.php\/wp-json\/wp\/v2\/pages\/8187\" method=\"post\"><div class=\"w-form-h\"><div class=\"w-form-row for_text required\">\n\t\t<div class=\"w-form-row-field\">\n\t\t\t\t\t\t<input aria-label=\"Nombre\" type=\"text\" name=\"us_form_1_text_1\" value placeholder=\"Nombre *\" data-required=\"true\" aria-required=\"true\"\/>\n\t\t\t<\/div>\n\t\t<div class=\"w-form-row-state\">Rellena este campo<\/div>\n<\/div>\n<div class=\"w-form-row for_email required\">\n\t\t<div class=\"w-form-row-field\">\n\t\t\t\t\t\t<input aria-label=\"Correo electr\u00f3nico\" type=\"email\" name=\"us_form_1_email_1\" value placeholder=\"Correo electr\u00f3nico *\" data-required=\"true\" aria-required=\"true\"\/>\n\t\t\t<\/div>\n\t\t<div class=\"w-form-row-state\">Por favor, introduce una direcci\u00f3n de correo electr\u00f3nico v\u00e1lida.<\/div>\n<\/div>\n<div class=\"w-form-row for_text required\">\n\t\t<div class=\"w-form-row-field\">\n\t\t\t\t\t\t<input aria-label=\"Tel\u00e9fono\" type=\"text\" name=\"us_form_1_text_2\" value placeholder=\"Tel\u00e9fono *\" data-required=\"true\" aria-required=\"true\"\/>\n\t\t\t<\/div>\n\t\t<div class=\"w-form-row-state\">Rellena este campo<\/div>\n<\/div>\n<div class=\"w-form-row for_select\">\n\t\t<div class=\"w-form-row-field\">\n\t\t\t\t\t\t<select aria-label=\"us_form_1_select_1\" name=\"us_form_1_select_1\">\n\t\t\t<option value=\"Regi\u00f3n de Arica y Parinacota\">Regi\u00f3n de Arica y Parinacota<\/option><option value=\"Regi\u00f3n de Tarapac\u00e1\">Regi\u00f3n de Tarapac\u00e1<\/option><option value=\"Regi\u00f3n de Antofagasta\">Regi\u00f3n de Antofagasta<\/option><option value=\"Regi\u00f3n de Atacama\">Regi\u00f3n de Atacama<\/option><option value=\"Regi\u00f3n de Coquimbo\">Regi\u00f3n de Coquimbo<\/option><option value=\"Regi\u00f3n de Valpara\u00edso\">Regi\u00f3n de Valpara\u00edso<\/option><option value=\"Regi\u00f3n Metropolitana\">Regi\u00f3n Metropolitana<\/option><option value=\"Regi\u00f3n de O\u2019Higgins\">Regi\u00f3n de O\u2019Higgins<\/option><option value=\"Regi\u00f3n del Maule\">Regi\u00f3n del Maule<\/option><option value=\"Regi\u00f3n del \u00d1uble\">Regi\u00f3n del \u00d1uble<\/option><option value=\"Regi\u00f3n del Biob\u00edo\">Regi\u00f3n del Biob\u00edo<\/option><option value=\"Regi\u00f3n de La Araucan\u00eda\">Regi\u00f3n de La Araucan\u00eda<\/option><option value=\"Regi\u00f3n de Los R\u00edos\">Regi\u00f3n de Los R\u00edos<\/option><option value=\"Regi\u00f3n de Los Lagos\">Regi\u00f3n de Los Lagos<\/option><option value=\"Regi\u00f3n de Ays\u00e9n\">Regi\u00f3n de Ays\u00e9n<\/option><option value=\"Regi\u00f3n de Magallanes\">Regi\u00f3n de Magallanes<\/option>\t\t<\/select>\n\t\t\t<\/div>\n\t\t<div class=\"w-form-row-state\">Selecciona una opci\u00f3n<\/div>\n<\/div>\n<div class=\"w-form-row for_textarea required\">\n\t\t<div class=\"w-form-row-field\">\n\t\t\t\t\t\t<textarea aria-label=\"Cu\u00e9ntanos tu caso\" name=\"us_form_1_textarea_1\" placeholder=\"Cu\u00e9ntanos tu caso *\" data-required=\"true\" aria-required=\"true\"><\/textarea>\n\t\t\t<\/div>\n\t\t<div class=\"w-form-row-state\">Rellena este campo<\/div>\n<\/div>\n<input type=\"hidden\" name=\"action\" value=\"us_ajax_cform\" \/>\n<input type=\"hidden\" name=\"post_id\" value=\"0\" \/>\n<input type=\"hidden\" name=\"form_index\" value=\"1\" \/>\n<div class=\"w-form-row for_submit  align_center\">\n\t<button class=\"w-btn  us-btn-style_1\" aria-label=\"Enviar\" type=\"submit\">\n\t\t<span class=\"g-preloader type_1\"><\/span>\n\t\t\t\t<span class=\"w-btn-label\">Enviar<\/span>\n\t\t\t<\/button>\n\t<\/div>\n<\/div><div class=\"w-form-message\"><\/div><div class=\"w-form-json hidden\" onclick='return {&quot;ajaxurl&quot;:&quot;http:\\\/\\\/nomasdeudas.cl\\\/wp-admin\\\/admin-ajax.php&quot;,&quot;messages&quot;:{&quot;err_empty&quot;:&quot;Rellena este campo&quot;,&quot;err_size&quot;:&quot;File size cannot exceed %s MB&quot;,&quot;err_extension&quot;:&quot;%s file type is not allowed&quot;}}'><\/div><\/form><\/div><\/div><\/div><\/div><\/div><\/section>\n","protected":false},"excerpt":{"rendered":"Quiebra para personas naturales \u00bfQui\u00e9nes pueden solicitar la quiebra? Personas con contrato de trabajo. Personas que emiten boletas de honorarios. Personas cesantes. Estudiantes. Trabajadores independientes. \u00bfQu\u00e9 clase de deudas se pueden eliminar declarando la quiebra? Cl\u00ednicas Farmacias Autopistas Tarjetas de cr\u00e9dito Cr\u00e9ditos de consumo Previsionales Impuestos Cr\u00e9ditos hipotecarios Otras Si no resolvemos tus problemas, te...","protected":false},"author":1,"featured_media":8189,"parent":0,"menu_order":0,"comment_status":"closed","ping_status":"closed","template":"","meta":{"footnotes":""},"acf":[],"_links":{"self":[{"href":"http:\/\/nomasdeudas.cl\/index.php\/wp-json\/wp\/v2\/pages\/8187"}],"collection":[{"href":"http:\/\/nomasdeudas.cl\/index.php\/wp-json\/wp\/v2\/pages"}],"about":[{"href":"http:\/\/nomasdeudas.cl\/index.php\/wp-json\/wp\/v2\/types\/page"}],"author":[{"embeddable":true,"href":"http:\/\/nomasdeudas.cl\/index.php\/wp-json\/wp\/v2\/users\/1"}],"replies":[{"embeddable":true,"href":"http:\/\/nomasdeudas.cl\/index.php\/wp-json\/wp\/v2\/comments?post=8187"}],"version-history":[{"count":12,"href":"http:\/\/nomasdeudas.cl\/index.php\/wp-json\/wp\/v2\/pages\/8187\/revisions"}],"predecessor-version":[{"id":8522,"href":"http:\/\/nomasdeudas.cl\/index.php\/wp-json\/wp\/v2\/pages\/8187\/revisions\/8522"}],"wp:featuredmedia":[{"embeddable":true,"href":"http:\/\/nomasdeudas.cl\/index.php\/wp-json\/wp\/v2\/media\/8189"}],"wp:attachment":[{"href":"http:\/\/nomasdeudas.cl\/index.php\/wp-json\/wp\/v2\/media?parent=8187"}],"curies":[{"name":"wp","href":"https:\/\/api.w.org\/{rel}","templated":true}]}}