{"id":8191,"date":"2022-11-09T18:15:21","date_gmt":"2022-11-09T18:15:21","guid":{"rendered":"http:\/\/nomasdeudas.srtv.cl\/?page_id=8191"},"modified":"2023-03-13T15:33:26","modified_gmt":"2023-03-13T15:33:26","slug":"defensa-deuda-hipotecaria","status":"publish","type":"page","link":"http:\/\/nomasdeudas.cl\/index.php\/defensa-deuda-hipotecaria\/","title":{"rendered":"Defensa deuda hipotecaria"},"content":{"rendered":"<section class=\"l-section wpb_row height_custom with_img\"><div class=\"l-section-img\" style=\"background-image: url(http:\/\/nomasdeudas.cl\/wp-content\/uploads\/2022\/11\/DEFENSA-DEUDA-HIPOTECARIA-FOTO-INTERNA.webp);background-repeat: no-repeat;\" data-img-width=\"900\" data-img-height=\"600\"><\/div><div class=\"l-section-overlay\" style=\"background:rgba(0,0,0,0.60)\"><\/div><div class=\"l-section-h i-cf\"><div class=\"g-cols vc_row via_flex valign_top type_default stacking_default\"><div class=\"vc_col-sm-12 wpb_column vc_column_container\"><div class=\"vc_column-inner\"><div class=\"wpb_wrapper\"><div class=\"w-separator size_huge\"><\/div><div class=\"wpb_text_column us_custom_d44d8758 has_text_color\"><div class=\"wpb_wrapper\"><h1 class=\"w-iconbox-title\">Defensa deuda hipotecaria<\/h1>\n<\/div><\/div><div class=\"w-separator size_huge\"><\/div><\/div><\/div><\/div><\/div><\/div><\/section><section class=\"l-section wpb_row height_custom\"><div class=\"l-section-h i-cf\"><div class=\"g-cols vc_row via_flex valign_top type_default stacking_default\"><div class=\"vc_col-sm-12 wpb_column vc_column_container\"><div class=\"vc_column-inner\"><div class=\"wpb_wrapper\"><div class=\"g-cols wpb_row via_flex valign_top type_default stacking_default\"><div class=\"vc_col-sm-6 wpb_column vc_column_container\"><div class=\"vc_column-inner\"><div class=\"wpb_wrapper\"><div class=\"w-image align_none\"><div class=\"w-image-h\"><img width=\"900\" height=\"600\" src=\"http:\/\/nomasdeudas.cl\/wp-content\/uploads\/2022\/11\/DEFENSA-DEUDA-HIPOTECARIA-FOTO-PESTANA-SERVICIOS.jpg\" class=\"attachment-large size-large\" alt=\"\" decoding=\"async\" loading=\"lazy\" srcset=\"http:\/\/nomasdeudas.cl\/wp-content\/uploads\/2022\/11\/DEFENSA-DEUDA-HIPOTECARIA-FOTO-PESTANA-SERVICIOS.jpg 900w, http:\/\/nomasdeudas.cl\/wp-content\/uploads\/2022\/11\/DEFENSA-DEUDA-HIPOTECARIA-FOTO-PESTANA-SERVICIOS-300x200.jpg 300w, http:\/\/nomasdeudas.cl\/wp-content\/uploads\/2022\/11\/DEFENSA-DEUDA-HIPOTECARIA-FOTO-PESTANA-SERVICIOS-600x400.jpg 600w\" sizes=\"(max-width: 900px) 100vw, 900px\" \/><\/div><\/div><\/div><\/div><\/div><div class=\"vc_col-sm-6 wpb_column vc_column_container\"><div class=\"vc_column-inner\"><div class=\"wpb_wrapper\"><div class=\"wpb_text_column us_custom_432d3f53\"><div class=\"wpb_wrapper\"><p>El sue\u00f1o de la casa propia comienza a desvanecerse cuando no puedes pagar tu cr\u00e9dito hipotecario, y tu acreedor decide iniciar un juicio de cobranza para embargar tu propiedad y finalmente, llevarla a remate. Sabemos que la ejecuci\u00f3n hipotecaria es uno de los hechos m\u00e1s angustiantes que una persona y su familia pueden vivir, m\u00e1s a\u00fan si con el dinero obtenido en el remate del bien ra\u00edz no alcanza a cubrirse la totalidad de la deuda.<\/p>\n<p>Ahora bien, nosotros te podemos ayudar y si act\u00faas a tiempo podemos rescatar tu propiedad y evitar que sea embargada y en ciertas oportunidades impedir que sea rematada.\u00a0 Contamos con abogados expertos en juicios hipotecarios que buscan las deficiencias o negligencias en las que haya incurrido la parte demandante para anular el proceso, pudiendo incluso acabar con el juicio para siempre a trav\u00e9s de la prescripci\u00f3n o del abandono del procedimiento.<\/p>\n<\/div><\/div><div class=\"w-btn-wrapper align_center\"><a class=\"w-btn us-btn-style_1 us_custom_972c33a7\" href=\"#FORMULARIO_HIPOTECARIO\"><span class=\"w-btn-label\">PRESCRIBE TUS DEUDAS AQU\u00cd  \/ EVITA EMBARGO AQU\u00cd<\/span><\/a><\/div><\/div><\/div><\/div><div class=\"vc_col-sm-12 wpb_column vc_column_container\"><div class=\"vc_column-inner\"><div class=\"wpb_wrapper\"><div class=\"w-separator size_small\"><\/div><div class=\"wpb_text_column us_custom_432d3f53\"><div class=\"wpb_wrapper\"><p><strong>\u00bfQu\u00e9 debo hacer si recibo una notificaci\u00f3n de una demanda por un juicio hipotecario?<\/strong><\/p>\n<p>Es de suma relevancia que aproveche los tiempos legales, usted dispone de <strong>8 d\u00edas h\u00e1biles<\/strong> para asumir una defensa en el juicio, si no lo realiza dentro de este plazo su derecho queda extinto, salvo que haya existido un vicio en la notificaci\u00f3n. En esta etapa es relevante que se contacte con abogados expertos en este tipo de materias, ya que, de ello depender\u00e1 el \u00e9xito de la gesti\u00f3n.<\/p>\n<p><strong>\u00bfQu\u00e9 acciones puedo tomar para evitar el remate de mi casa?<\/strong><\/p>\n<ol>\n<li>Podemos buscar <strong>un acuerdo<\/strong> con su acreedor, que implique la renegociaci\u00f3n o refinanciamiento de la deuda. La idea de nuestro Estudio Jur\u00eddico es conseguir las mejores condiciones para sellar el acuerdo.<\/li>\n<li><strong>Asumir una defensa judicial<\/strong> a trav\u00e9s de la interposici\u00f3n de excepciones en el hipotecario. La defensa siempre estar\u00e1 orientada a obtener una prescripci\u00f3n o a encausar el juicio para alegar un abandono del procedimiento.<\/li>\n<li>En \u00faltima instancia, consideramos <strong>acogerse a la ley de quiebras<\/strong>, para este caso su deuda debe ser mayor al valor de su bien ra\u00edz.<\/li>\n<\/ol>\n<\/div><\/div><div class=\"wpb_text_column us_custom_bbfbefb6\"><div class=\"wpb_wrapper\"><p><strong>\u00bfDeseas prescribir tus deudas con el banco u otras entidades?<\/strong><\/p>\n<p>Solicita tu <strong>evaluaci\u00f3n gratuita<\/strong>, la posibilidad de prescribir las deudas var\u00eda de persona en persona, por eso solicita tu evaluaci\u00f3n y ases\u00f3rate con un profesional, \u00a1sin compromiso!<\/p>\n<\/div><\/div><\/div><\/div><\/div><\/div><\/div><\/div><\/div><\/div><\/div><\/section><section class=\"l-section wpb_row us_custom_e35f8866 height_custom\"><div class=\"l-section-h i-cf\"><div class=\"g-cols vc_row via_flex valign_top type_default stacking_default\"><div class=\"vc_col-sm-12 wpb_column vc_column_container\" id=\"FORMULARIO_HIPOTECARIO\"><div class=\"vc_column-inner\"><div class=\"wpb_wrapper\"><h3 class=\"w-text us_custom_d44d8758 has_text_color\"><span class=\"w-text-h\"><span class=\"w-text-value\">\u00a1EVALUACI\u00d3N GRATIS!<\/span><\/span><\/h3><p class=\"w-text us_custom_d44d8758 has_text_color\"><span class=\"w-text-h\"><span class=\"w-text-value\">Cu\u00e9ntanos tu caso y env\u00edanos tus datos de contacto, nosotros haremos una evaluaci\u00f3n gratuita y te daremos a conocer las opciones que la ley ofrece, todo con el objetivo de solucionar tus problemas, \u00a1no pierdas esta oportunidad!<\/span><\/span><\/p><form class=\"w-form  layout_ver for_cform us_form_1\" autocomplete=\"off\" action=\"http:\/\/nomasdeudas.cl\/index.php\/wp-json\/wp\/v2\/pages\/8191\" method=\"post\"><div class=\"w-form-h\"><div class=\"w-form-row for_text required\">\n\t\t<div class=\"w-form-row-field\">\n\t\t\t\t\t\t<input aria-label=\"Nombre\" type=\"text\" name=\"us_form_1_text_1\" value placeholder=\"Nombre *\" data-required=\"true\" aria-required=\"true\"\/>\n\t\t\t<\/div>\n\t\t<div class=\"w-form-row-state\">Rellena este campo<\/div>\n<\/div>\n<div class=\"w-form-row for_email required\">\n\t\t<div class=\"w-form-row-field\">\n\t\t\t\t\t\t<input aria-label=\"Correo electr\u00f3nico\" type=\"email\" name=\"us_form_1_email_1\" value placeholder=\"Correo electr\u00f3nico *\" data-required=\"true\" aria-required=\"true\"\/>\n\t\t\t<\/div>\n\t\t<div class=\"w-form-row-state\">Por favor, introduce una direcci\u00f3n de correo electr\u00f3nico v\u00e1lida.<\/div>\n<\/div>\n<div class=\"w-form-row for_text required\">\n\t\t<div class=\"w-form-row-field\">\n\t\t\t\t\t\t<input aria-label=\"Tel\u00e9fono\" type=\"text\" name=\"us_form_1_text_2\" value placeholder=\"Tel\u00e9fono *\" data-required=\"true\" aria-required=\"true\"\/>\n\t\t\t<\/div>\n\t\t<div class=\"w-form-row-state\">Rellena este campo<\/div>\n<\/div>\n<div class=\"w-form-row for_select\">\n\t\t<div class=\"w-form-row-field\">\n\t\t\t\t\t\t<select aria-label=\"us_form_1_select_1\" name=\"us_form_1_select_1\">\n\t\t\t<option value=\"Regi\u00f3n de Arica y Parinacota\">Regi\u00f3n de Arica y Parinacota<\/option><option value=\"Regi\u00f3n de Tarapac\u00e1\">Regi\u00f3n de Tarapac\u00e1<\/option><option value=\"Regi\u00f3n de Antofagasta\">Regi\u00f3n de Antofagasta<\/option><option value=\"Regi\u00f3n de Atacama\">Regi\u00f3n de Atacama<\/option><option value=\"Regi\u00f3n de Coquimbo\">Regi\u00f3n de Coquimbo<\/option><option value=\"Regi\u00f3n de Valpara\u00edso\">Regi\u00f3n de Valpara\u00edso<\/option><option value=\"Regi\u00f3n Metropolitana\">Regi\u00f3n Metropolitana<\/option><option value=\"Regi\u00f3n de O\u2019Higgins\">Regi\u00f3n de O\u2019Higgins<\/option><option value=\"Regi\u00f3n del Maule\">Regi\u00f3n del Maule<\/option><option value=\"Regi\u00f3n del \u00d1uble\">Regi\u00f3n del \u00d1uble<\/option><option value=\"Regi\u00f3n del Biob\u00edo\">Regi\u00f3n del Biob\u00edo<\/option><option value=\"Regi\u00f3n de La Araucan\u00eda\">Regi\u00f3n de La Araucan\u00eda<\/option><option value=\"Regi\u00f3n de Los R\u00edos\">Regi\u00f3n de Los R\u00edos<\/option><option value=\"Regi\u00f3n de Los Lagos\">Regi\u00f3n de Los Lagos<\/option><option value=\"Regi\u00f3n de Ays\u00e9n\">Regi\u00f3n de Ays\u00e9n<\/option><option value=\"Regi\u00f3n de Magallanes\">Regi\u00f3n de Magallanes<\/option>\t\t<\/select>\n\t\t\t<\/div>\n\t\t<div class=\"w-form-row-state\">Selecciona una opci\u00f3n<\/div>\n<\/div>\n<div class=\"w-form-row for_textarea required\">\n\t\t<div class=\"w-form-row-field\">\n\t\t\t\t\t\t<textarea aria-label=\"Cu\u00e9ntanos tu caso\" name=\"us_form_1_textarea_1\" placeholder=\"Cu\u00e9ntanos tu caso *\" data-required=\"true\" aria-required=\"true\"><\/textarea>\n\t\t\t<\/div>\n\t\t<div class=\"w-form-row-state\">Rellena este campo<\/div>\n<\/div>\n<input type=\"hidden\" name=\"action\" value=\"us_ajax_cform\" \/>\n<input type=\"hidden\" name=\"post_id\" value=\"0\" \/>\n<input type=\"hidden\" name=\"form_index\" value=\"1\" \/>\n<div class=\"w-form-row for_submit  align_center\">\n\t<button class=\"w-btn  us-btn-style_1\" aria-label=\"Enviar\" type=\"submit\">\n\t\t<span class=\"g-preloader type_1\"><\/span>\n\t\t\t\t<span class=\"w-btn-label\">Enviar<\/span>\n\t\t\t<\/button>\n\t<\/div>\n<\/div><div class=\"w-form-message\"><\/div><div class=\"w-form-json hidden\" onclick='return {&quot;ajaxurl&quot;:&quot;http:\\\/\\\/nomasdeudas.cl\\\/wp-admin\\\/admin-ajax.php&quot;,&quot;messages&quot;:{&quot;err_empty&quot;:&quot;Rellena este campo&quot;,&quot;err_size&quot;:&quot;File size cannot exceed %s MB&quot;,&quot;err_extension&quot;:&quot;%s file type is not allowed&quot;}}'><\/div><\/form><\/div><\/div><\/div><\/div><\/div><\/section>\n","protected":false},"excerpt":{"rendered":"Defensa deuda hipotecaria El sue\u00f1o de la casa propia comienza a desvanecerse cuando no puedes pagar tu cr\u00e9dito hipotecario, y tu acreedor decide iniciar un juicio de cobranza para embargar tu propiedad y finalmente, llevarla a remate. Sabemos que la ejecuci\u00f3n hipotecaria es uno de los hechos m\u00e1s angustiantes que una persona y su familia...","protected":false},"author":1,"featured_media":8193,"parent":0,"menu_order":0,"comment_status":"closed","ping_status":"closed","template":"","meta":{"footnotes":""},"acf":[],"_links":{"self":[{"href":"http:\/\/nomasdeudas.cl\/index.php\/wp-json\/wp\/v2\/pages\/8191"}],"collection":[{"href":"http:\/\/nomasdeudas.cl\/index.php\/wp-json\/wp\/v2\/pages"}],"about":[{"href":"http:\/\/nomasdeudas.cl\/index.php\/wp-json\/wp\/v2\/types\/page"}],"author":[{"embeddable":true,"href":"http:\/\/nomasdeudas.cl\/index.php\/wp-json\/wp\/v2\/users\/1"}],"replies":[{"embeddable":true,"href":"http:\/\/nomasdeudas.cl\/index.php\/wp-json\/wp\/v2\/comments?post=8191"}],"version-history":[{"count":10,"href":"http:\/\/nomasdeudas.cl\/index.php\/wp-json\/wp\/v2\/pages\/8191\/revisions"}],"predecessor-version":[{"id":8444,"href":"http:\/\/nomasdeudas.cl\/index.php\/wp-json\/wp\/v2\/pages\/8191\/revisions\/8444"}],"wp:featuredmedia":[{"embeddable":true,"href":"http:\/\/nomasdeudas.cl\/index.php\/wp-json\/wp\/v2\/media\/8193"}],"wp:attachment":[{"href":"http:\/\/nomasdeudas.cl\/index.php\/wp-json\/wp\/v2\/media?parent=8191"}],"curies":[{"name":"wp","href":"https:\/\/api.w.org\/{rel}","templated":true}]}}