{"id":8200,"date":"2022-11-09T18:31:43","date_gmt":"2022-11-09T18:31:43","guid":{"rendered":"http:\/\/nomasdeudas.srtv.cl\/?page_id=8200"},"modified":"2023-03-23T22:43:42","modified_gmt":"2023-03-23T22:43:42","slug":"servicios","status":"publish","type":"page","link":"http:\/\/nomasdeudas.cl\/index.php\/servicios\/","title":{"rendered":"Servicios"},"content":{"rendered":"<section class=\"l-section wpb_row height_auto\" id=\"servicios\"><div class=\"l-section-h i-cf\"><div class=\"g-cols vc_row via_flex valign_middle type_default stacking_default\"><div class=\"vc_col-sm-4 wpb_column vc_column_container\" id=\"columna-servicio\"><div class=\"vc_column-inner us_custom_b6a72ce1\"><div class=\"wpb_wrapper\"><div class=\"g-cols wpb_row servicio via_flex valign_middle type_default stacking_default\"><div class=\"vc_col-sm-4 wpb_column vc_column_container\"><div class=\"vc_column-inner us_custom_b6a72ce1\"><div class=\"wpb_wrapper\"><div class=\"w-image align_none\"><a title=\"Quiebra para personas naturales\" href=\"\/index.php\/quiebra-para-personas-naturales\/\" aria-label=\"Enlace\" class=\"w-image-h\"><img width=\"1024\" height=\"683\" src=\"http:\/\/nomasdeudas.cl\/wp-content\/uploads\/2022\/11\/quiebra-para-personas-naturales-foto-pestana-servicios-1024x683.jpg\" class=\"attachment-large size-large\" alt=\"\" decoding=\"async\" loading=\"lazy\" srcset=\"http:\/\/nomasdeudas.cl\/wp-content\/uploads\/2022\/11\/quiebra-para-personas-naturales-foto-pestana-servicios-1024x683.jpg 1024w, http:\/\/nomasdeudas.cl\/wp-content\/uploads\/2022\/11\/quiebra-para-personas-naturales-foto-pestana-servicios-300x200.jpg 300w, http:\/\/nomasdeudas.cl\/wp-content\/uploads\/2022\/11\/quiebra-para-personas-naturales-foto-pestana-servicios-1536x1024.jpg 1536w, http:\/\/nomasdeudas.cl\/wp-content\/uploads\/2022\/11\/quiebra-para-personas-naturales-foto-pestana-servicios-600x400.jpg 600w\" sizes=\"(max-width: 1024px) 100vw, 1024px\" \/><\/a><\/div><\/div><\/div><\/div><div class=\"vc_col-sm-8 wpb_column vc_column_container\"><div class=\"vc_column-inner us_custom_e6162f0a\"><div class=\"wpb_wrapper\"><div class=\"w-iconbox iconpos_top style_default color_secondary align_left no_text\"><a title=\"Quiebra para personas naturales\" href=\"\/index.php\/quiebra-para-personas-naturales\/\" class=\"w-iconbox-link\" aria-label=\"Quiebra para personas naturales\"><div class=\"w-iconbox-icon\" style=\"font-size:2rem;\"><i class=\"fas fa-user\"><\/i><\/div><\/a><div class=\"w-iconbox-meta\"><a title=\"Quiebra para personas naturales\" href=\"\/index.php\/quiebra-para-personas-naturales\/\" class=\"w-iconbox-link\" aria-label=\"Quiebra para personas naturales\"><h5 class=\"w-iconbox-title\" style=\"font-size:18px;\">Quiebra para personas naturales<\/h5><\/a><\/div><\/div><\/div><\/div><\/div><\/div><div class=\"g-cols wpb_row servicio via_flex valign_middle type_default stacking_default\"><div class=\"vc_col-sm-4 wpb_column vc_column_container\"><div class=\"vc_column-inner us_custom_b6a72ce1\"><div class=\"wpb_wrapper\"><div class=\"w-image align_none\"><a title=\"Defensa deuda con Tesorer\u00eda General de la Rep\u00fablica\" href=\"\/index.php\/defensa-deuda-con-tesoreria-general-de-la-republica\/\" aria-label=\"Enlace\" class=\"w-image-h\"><img width=\"683\" height=\"1024\" src=\"http:\/\/nomasdeudas.cl\/wp-content\/uploads\/2022\/11\/DEFENSA-EN-JUICIO-CON-TESOSERIA-GENERAL-DE-LA-REPUBLICA-FOTO-PESTANA-SERVICIOS-683x1024.jpg\" class=\"attachment-large size-large\" alt=\"\" decoding=\"async\" loading=\"lazy\" srcset=\"http:\/\/nomasdeudas.cl\/wp-content\/uploads\/2022\/11\/DEFENSA-EN-JUICIO-CON-TESOSERIA-GENERAL-DE-LA-REPUBLICA-FOTO-PESTANA-SERVICIOS-683x1024.jpg 683w, http:\/\/nomasdeudas.cl\/wp-content\/uploads\/2022\/11\/DEFENSA-EN-JUICIO-CON-TESOSERIA-GENERAL-DE-LA-REPUBLICA-FOTO-PESTANA-SERVICIOS-200x300.jpg 200w, http:\/\/nomasdeudas.cl\/wp-content\/uploads\/2022\/11\/DEFENSA-EN-JUICIO-CON-TESOSERIA-GENERAL-DE-LA-REPUBLICA-FOTO-PESTANA-SERVICIOS-1024x1536.jpg 1024w, http:\/\/nomasdeudas.cl\/wp-content\/uploads\/2022\/11\/DEFENSA-EN-JUICIO-CON-TESOSERIA-GENERAL-DE-LA-REPUBLICA-FOTO-PESTANA-SERVICIOS-600x900.jpg 600w, http:\/\/nomasdeudas.cl\/wp-content\/uploads\/2022\/11\/DEFENSA-EN-JUICIO-CON-TESOSERIA-GENERAL-DE-LA-REPUBLICA-FOTO-PESTANA-SERVICIOS-scaled.jpg 1707w\" sizes=\"(max-width: 683px) 100vw, 683px\" \/><\/a><\/div><\/div><\/div><\/div><div class=\"vc_col-sm-8 wpb_column vc_column_container\"><div class=\"vc_column-inner us_custom_e6162f0a\"><div class=\"wpb_wrapper\"><div class=\"w-iconbox iconpos_top style_default color_secondary align_left no_text\"><a title=\"Defensa deuda con Tesorer\u00eda General de la Rep\u00fablica\" href=\"\/index.php\/defensa-deuda-con-tesoreria-general-de-la-republica\/\" class=\"w-iconbox-link\" aria-label=\"Defensa deuda con Tesorer\u00eda General de la Rep\u00fablica\"><div class=\"w-iconbox-icon\" style=\"font-size:2rem;\"><i class=\"fas fa-landmark\"><\/i><\/div><\/a><div class=\"w-iconbox-meta\"><a title=\"Defensa deuda con Tesorer\u00eda General de la Rep\u00fablica\" href=\"\/index.php\/defensa-deuda-con-tesoreria-general-de-la-republica\/\" class=\"w-iconbox-link\" aria-label=\"Defensa deuda con Tesorer\u00eda General de la Rep\u00fablica\"><h5 class=\"w-iconbox-title\" style=\"font-size:18px;\">Defensa deuda con Tesorer\u00eda General de la Rep\u00fablica<\/h5><\/a><\/div><\/div><\/div><\/div><\/div><\/div><div class=\"g-cols wpb_row servicio via_flex valign_middle type_default stacking_default\"><div class=\"vc_col-sm-4 wpb_column vc_column_container\"><div class=\"vc_column-inner us_custom_b6a72ce1\"><div class=\"wpb_wrapper\"><div class=\"w-image align_none\"><a title=\"Defensa deuda con Tesorer\u00eda General de la Rep\u00fablica\" href=\"\/index.php\/defensa-deuda-con-tesoreria-general-de-la-republica\/\" aria-label=\"Enlace\" class=\"w-image-h\"><img width=\"800\" height=\"600\" src=\"http:\/\/nomasdeudas.cl\/wp-content\/uploads\/2022\/11\/6.jpg\" class=\"attachment-large size-large\" alt=\"\" decoding=\"async\" loading=\"lazy\" srcset=\"http:\/\/nomasdeudas.cl\/wp-content\/uploads\/2022\/11\/6.jpg 800w, http:\/\/nomasdeudas.cl\/wp-content\/uploads\/2022\/11\/6-300x225.jpg 300w, http:\/\/nomasdeudas.cl\/wp-content\/uploads\/2022\/11\/6-600x450.jpg 600w\" sizes=\"(max-width: 800px) 100vw, 800px\" \/><\/a><\/div><\/div><\/div><\/div><div class=\"vc_col-sm-8 wpb_column vc_column_container\"><div class=\"vc_column-inner us_custom_e6162f0a\"><div class=\"wpb_wrapper\"><div class=\"w-iconbox iconpos_top style_default color_secondary align_left no_text\"><a href=\"https:\/\/nomasdeudas.cl\/index.php\/declaracion-de-insolvencia\/\" class=\"w-iconbox-link\" aria-label=\"Declaraci\u00f3n de insolvencia\"><div class=\"w-iconbox-icon\" style=\"font-size:2rem;\"><i class=\"fas fa-usd-circle\"><\/i><\/div><\/a><div class=\"w-iconbox-meta\"><a href=\"https:\/\/nomasdeudas.cl\/index.php\/declaracion-de-insolvencia\/\" class=\"w-iconbox-link\" aria-label=\"Declaraci\u00f3n de insolvencia\"><h5 class=\"w-iconbox-title\" style=\"font-size:18px;\">Declaraci\u00f3n de insolvencia<\/h5><\/a><\/div><\/div><\/div><\/div><\/div><\/div><div class=\"g-cols wpb_row servicio via_flex valign_middle type_default stacking_default\"><div class=\"vc_col-sm-4 wpb_column vc_column_container\"><div class=\"vc_column-inner us_custom_b6a72ce1\"><div class=\"wpb_wrapper\"><div class=\"w-image align_none\"><a title=\"Defensa deuda con Tesorer\u00eda General de la Rep\u00fablica\" href=\"\/index.php\/defensa-deuda-con-tesoreria-general-de-la-republica\/\" aria-label=\"Enlace\" class=\"w-image-h\"><img width=\"1024\" height=\"683\" src=\"http:\/\/nomasdeudas.cl\/wp-content\/uploads\/2022\/11\/quiebra-para-personas-naturales-FOTO-INTERNA-INICIAL-1024x683.jpg\" class=\"attachment-large size-large\" alt=\"\" decoding=\"async\" loading=\"lazy\" srcset=\"http:\/\/nomasdeudas.cl\/wp-content\/uploads\/2022\/11\/quiebra-para-personas-naturales-FOTO-INTERNA-INICIAL-1024x683.jpg 1024w, http:\/\/nomasdeudas.cl\/wp-content\/uploads\/2022\/11\/quiebra-para-personas-naturales-FOTO-INTERNA-INICIAL-300x200.jpg 300w, http:\/\/nomasdeudas.cl\/wp-content\/uploads\/2022\/11\/quiebra-para-personas-naturales-FOTO-INTERNA-INICIAL-1536x1024.jpg 1536w, http:\/\/nomasdeudas.cl\/wp-content\/uploads\/2022\/11\/quiebra-para-personas-naturales-FOTO-INTERNA-INICIAL-600x400.jpg 600w\" sizes=\"(max-width: 1024px) 100vw, 1024px\" \/><\/a><\/div><\/div><\/div><\/div><div class=\"vc_col-sm-8 wpb_column vc_column_container\"><div class=\"vc_column-inner us_custom_e6162f0a\"><div class=\"wpb_wrapper\"><div class=\"w-iconbox iconpos_top style_default color_secondary align_left no_text\"><a href=\"https:\/\/nomasdeudas.cl\/index.php\/deuda-castigada\/\" class=\"w-iconbox-link\" aria-label=\"Deuda castigada\"><div class=\"w-iconbox-icon\" style=\"font-size:2rem;\"><i class=\"fas fa-window-close\"><\/i><\/div><\/a><div class=\"w-iconbox-meta\"><a href=\"https:\/\/nomasdeudas.cl\/index.php\/deuda-castigada\/\" class=\"w-iconbox-link\" aria-label=\"Deuda castigada\"><h5 class=\"w-iconbox-title\" style=\"font-size:18px;\">Deuda castigada<\/h5><\/a><\/div><\/div><\/div><\/div><\/div><\/div><\/div><\/div><\/div><div class=\"vc_col-sm-4 wpb_column vc_column_container\" id=\"columna-servicio\"><div class=\"vc_column-inner us_custom_b6a72ce1\"><div class=\"wpb_wrapper\"><div class=\"g-cols wpb_row servicio via_flex valign_middle type_default stacking_default\"><div class=\"vc_col-sm-4 wpb_column vc_column_container\"><div class=\"vc_column-inner us_custom_b6a72ce1\"><div class=\"wpb_wrapper\"><div class=\"w-image align_none\"><a title=\"Defensa deuda hipotecaria\" href=\"\/index.php\/defensa-deuda-hipotecaria\/\" aria-label=\"Enlace\" class=\"w-image-h\"><img width=\"900\" height=\"600\" src=\"http:\/\/nomasdeudas.cl\/wp-content\/uploads\/2022\/11\/DEFENSA-DEUDA-HIPOTECARIA-FOTO-PESTANA-SERVICIOS.jpg\" class=\"attachment-large size-large\" alt=\"\" decoding=\"async\" loading=\"lazy\" srcset=\"http:\/\/nomasdeudas.cl\/wp-content\/uploads\/2022\/11\/DEFENSA-DEUDA-HIPOTECARIA-FOTO-PESTANA-SERVICIOS.jpg 900w, http:\/\/nomasdeudas.cl\/wp-content\/uploads\/2022\/11\/DEFENSA-DEUDA-HIPOTECARIA-FOTO-PESTANA-SERVICIOS-300x200.jpg 300w, http:\/\/nomasdeudas.cl\/wp-content\/uploads\/2022\/11\/DEFENSA-DEUDA-HIPOTECARIA-FOTO-PESTANA-SERVICIOS-600x400.jpg 600w\" sizes=\"(max-width: 900px) 100vw, 900px\" \/><\/a><\/div><\/div><\/div><\/div><div class=\"vc_col-sm-8 wpb_column vc_column_container\"><div class=\"vc_column-inner us_custom_e6162f0a\"><div class=\"wpb_wrapper\"><div class=\"w-iconbox iconpos_top style_default color_secondary align_left no_text\"><a title=\"Defensa deuda hipotecaria\" href=\"\/index.php\/defensa-deuda-hipotecaria\/\" class=\"w-iconbox-link\" aria-label=\"Defensa deuda hipotecaria\"><div class=\"w-iconbox-icon\" style=\"font-size:2rem;\"><i class=\"fas fa-home\"><\/i><\/div><\/a><div class=\"w-iconbox-meta\"><a title=\"Defensa deuda hipotecaria\" href=\"\/index.php\/defensa-deuda-hipotecaria\/\" class=\"w-iconbox-link\" aria-label=\"Defensa deuda hipotecaria\"><h5 class=\"w-iconbox-title\" style=\"font-size:18px;\">Defensa deuda hipotecaria<\/h5><\/a><\/div><\/div><\/div><\/div><\/div><\/div><div class=\"g-cols wpb_row servicio via_flex valign_middle type_default stacking_default\"><div class=\"vc_col-sm-4 wpb_column vc_column_container\"><div class=\"vc_column-inner us_custom_b6a72ce1\"><div class=\"wpb_wrapper\"><div class=\"w-image align_none\"><a title=\"Quiebra para empresas o personas jur\u00eddicas\" href=\"\/index.php\/quiebra-para-empresas-o-personas-juridicas\/\" aria-label=\"Enlace\" class=\"w-image-h\"><img width=\"740\" height=\"493\" src=\"http:\/\/nomasdeudas.cl\/wp-content\/uploads\/2022\/11\/quiebra-para-empresas-o-personas-juridicas-foto-pestana-servicios.jpg\" class=\"attachment-large size-large\" alt=\"\" decoding=\"async\" loading=\"lazy\" srcset=\"http:\/\/nomasdeudas.cl\/wp-content\/uploads\/2022\/11\/quiebra-para-empresas-o-personas-juridicas-foto-pestana-servicios.jpg 740w, http:\/\/nomasdeudas.cl\/wp-content\/uploads\/2022\/11\/quiebra-para-empresas-o-personas-juridicas-foto-pestana-servicios-300x200.jpg 300w, http:\/\/nomasdeudas.cl\/wp-content\/uploads\/2022\/11\/quiebra-para-empresas-o-personas-juridicas-foto-pestana-servicios-600x400.jpg 600w\" sizes=\"(max-width: 740px) 100vw, 740px\" \/><\/a><\/div><\/div><\/div><\/div><div class=\"vc_col-sm-8 wpb_column vc_column_container\"><div class=\"vc_column-inner us_custom_e6162f0a\"><div class=\"wpb_wrapper\"><div class=\"w-iconbox iconpos_top style_default color_secondary align_left no_text\"><a title=\"Quiebra para empresas o personas jur\u00eddicas\" href=\"\/index.php\/quiebra-para-empresas-o-personas-juridicas\/\" class=\"w-iconbox-link\" aria-label=\"Quiebra para empresas o personas jur\u00eddicas\"><div class=\"w-iconbox-icon\" style=\"font-size:2rem;\"><i class=\"fas fa-building\"><\/i><\/div><\/a><div class=\"w-iconbox-meta\"><a title=\"Quiebra para empresas o personas jur\u00eddicas\" href=\"\/index.php\/quiebra-para-empresas-o-personas-juridicas\/\" class=\"w-iconbox-link\" aria-label=\"Quiebra para empresas o personas jur\u00eddicas\"><h5 class=\"w-iconbox-title\" style=\"font-size:18px;\">Quiebra para empresas o personas jur\u00eddicas<\/h5><\/a><\/div><\/div><\/div><\/div><\/div><\/div><div class=\"g-cols wpb_row servicio via_flex valign_middle type_default stacking_default\"><div class=\"vc_col-sm-4 wpb_column vc_column_container\"><div class=\"vc_column-inner us_custom_b6a72ce1\"><div class=\"wpb_wrapper\"><div class=\"w-image align_none\"><a title=\"Quiebra para empresas o personas jur\u00eddicas\" href=\"\/index.php\/quiebra-para-empresas-o-personas-juridicas\/\" aria-label=\"Enlace\" class=\"w-image-h\"><img width=\"800\" height=\"600\" src=\"http:\/\/nomasdeudas.cl\/wp-content\/uploads\/2022\/11\/5.jpg\" class=\"attachment-large size-large\" alt=\"\" decoding=\"async\" loading=\"lazy\" srcset=\"http:\/\/nomasdeudas.cl\/wp-content\/uploads\/2022\/11\/5.jpg 800w, http:\/\/nomasdeudas.cl\/wp-content\/uploads\/2022\/11\/5-300x225.jpg 300w, http:\/\/nomasdeudas.cl\/wp-content\/uploads\/2022\/11\/5-600x450.jpg 600w\" sizes=\"(max-width: 800px) 100vw, 800px\" \/><\/a><\/div><\/div><\/div><\/div><div class=\"vc_col-sm-8 wpb_column vc_column_container\"><div class=\"vc_column-inner us_custom_e6162f0a\"><div class=\"wpb_wrapper\"><div class=\"w-iconbox iconpos_top style_default color_secondary align_left no_text\"><a href=\"https:\/\/nomasdeudas.cl\/index.php\/prescripcion-de-deudas\/\" class=\"w-iconbox-link\" aria-label=\"Prescripci\u00f3n de deudas\"><div class=\"w-iconbox-icon\" style=\"font-size:2rem;\"><i class=\"fas fa-clock\"><\/i><\/div><\/a><div class=\"w-iconbox-meta\"><a href=\"https:\/\/nomasdeudas.cl\/index.php\/prescripcion-de-deudas\/\" class=\"w-iconbox-link\" aria-label=\"Prescripci\u00f3n de deudas\"><h5 class=\"w-iconbox-title\" style=\"font-size:18px;\">Prescripci\u00f3n de deudas<\/h5><\/a><\/div><\/div><\/div><\/div><\/div><\/div><div class=\"g-cols wpb_row servicio via_flex valign_middle type_default stacking_default\"><div class=\"vc_col-sm-4 wpb_column vc_column_container\"><div class=\"vc_column-inner us_custom_b6a72ce1\"><div class=\"wpb_wrapper\"><div class=\"w-image align_none\"><a title=\"Quiebra para empresas o personas jur\u00eddicas\" href=\"\/index.php\/quiebra-para-empresas-o-personas-juridicas\/\" aria-label=\"Enlace\" class=\"w-image-h\"><img width=\"900\" height=\"600\" src=\"http:\/\/nomasdeudas.cl\/wp-content\/uploads\/2022\/11\/DEFENSA-DEUDA-HIPOTECARIA-FOTO-INTERNA.webp\" class=\"attachment-large size-large\" alt=\"\" decoding=\"async\" loading=\"lazy\" srcset=\"http:\/\/nomasdeudas.cl\/wp-content\/uploads\/2022\/11\/DEFENSA-DEUDA-HIPOTECARIA-FOTO-INTERNA.webp 900w, http:\/\/nomasdeudas.cl\/wp-content\/uploads\/2022\/11\/DEFENSA-DEUDA-HIPOTECARIA-FOTO-INTERNA-300x200.webp 300w, http:\/\/nomasdeudas.cl\/wp-content\/uploads\/2022\/11\/DEFENSA-DEUDA-HIPOTECARIA-FOTO-INTERNA-600x400.webp 600w\" sizes=\"(max-width: 900px) 100vw, 900px\" \/><\/a><\/div><\/div><\/div><\/div><div class=\"vc_col-sm-8 wpb_column vc_column_container\"><div class=\"vc_column-inner us_custom_e6162f0a\"><div class=\"wpb_wrapper\"><div class=\"w-iconbox iconpos_top style_default color_secondary align_left no_text\"><a href=\"https:\/\/nomasdeudas.cl\/index.php\/terceria-de-dominio\/\" class=\"w-iconbox-link\" aria-label=\"Tercer\u00eda de dominio\"><div class=\"w-iconbox-icon\" style=\"font-size:2rem;\"><i class=\"fas fa-warehouse-alt\"><\/i><\/div><\/a><div class=\"w-iconbox-meta\"><a href=\"https:\/\/nomasdeudas.cl\/index.php\/terceria-de-dominio\/\" class=\"w-iconbox-link\" aria-label=\"Tercer\u00eda de dominio\"><h5 class=\"w-iconbox-title\" style=\"font-size:18px;\">Tercer\u00eda de dominio<\/h5><\/a><\/div><\/div><\/div><\/div><\/div><\/div><\/div><\/div><\/div><div class=\"vc_col-sm-4 wpb_column vc_column_container\" id=\"columna-servicio\"><div class=\"vc_column-inner us_custom_b6a72ce1\"><div class=\"wpb_wrapper\"><div class=\"g-cols wpb_row servicio via_flex valign_middle type_default stacking_default\"><div class=\"vc_col-sm-4 wpb_column vc_column_container\"><div class=\"vc_column-inner us_custom_b6a72ce1\"><div class=\"wpb_wrapper\"><div class=\"w-image align_none\"><a title=\"Tercer\u00edas\" href=\"\/index.php\/tercerias\/\" aria-label=\"Enlace\" class=\"w-image-h\"><img width=\"800\" height=\"600\" src=\"http:\/\/nomasdeudas.cl\/wp-content\/uploads\/2022\/11\/4.jpg\" class=\"attachment-large size-large\" alt=\"\" decoding=\"async\" loading=\"lazy\" srcset=\"http:\/\/nomasdeudas.cl\/wp-content\/uploads\/2022\/11\/4.jpg 800w, http:\/\/nomasdeudas.cl\/wp-content\/uploads\/2022\/11\/4-300x225.jpg 300w, http:\/\/nomasdeudas.cl\/wp-content\/uploads\/2022\/11\/4-600x450.jpg 600w\" sizes=\"(max-width: 800px) 100vw, 800px\" \/><\/a><\/div><\/div><\/div><\/div><div class=\"vc_col-sm-8 wpb_column vc_column_container\"><div class=\"vc_column-inner us_custom_e6162f0a\"><div class=\"wpb_wrapper\"><div class=\"w-iconbox iconpos_top style_default color_secondary align_left no_text\"><a href=\"https:\/\/nomasdeudas.cl\/index.php\/eliminar-dicom\/\" class=\"w-iconbox-link\" aria-label=\"Eliminar DICOM\"><div class=\"w-iconbox-icon\" style=\"font-size:2rem;\"><i class=\"fas fa-gavel\"><\/i><\/div><\/a><div class=\"w-iconbox-meta\"><a href=\"https:\/\/nomasdeudas.cl\/index.php\/eliminar-dicom\/\" class=\"w-iconbox-link\" aria-label=\"Eliminar DICOM\"><h5 class=\"w-iconbox-title\" style=\"font-size:18px;\">Eliminar DICOM<\/h5><\/a><\/div><\/div><\/div><\/div><\/div><\/div><div class=\"g-cols wpb_row servicio via_flex valign_middle type_default stacking_default\"><div class=\"vc_col-sm-4 wpb_column vc_column_container\"><div class=\"vc_column-inner us_custom_b6a72ce1\"><div class=\"wpb_wrapper\"><div class=\"w-image align_none\"><a title=\"Defensa en juicio por notificaci\u00f3n de demanda\" href=\"\/index.php\/defensa-en-juicio-por-notificacion-de-demanda\/\" aria-label=\"Enlace\" class=\"w-image-h\"><img width=\"1024\" height=\"683\" src=\"http:\/\/nomasdeudas.cl\/wp-content\/uploads\/2022\/11\/DEFENSA-EN-JUICIO-POR-NOTIFICACION-DE-DEMANDA-FOTO-INTERNA-INICIAL-1024x683.jpg\" class=\"attachment-large size-large\" alt=\"\" decoding=\"async\" loading=\"lazy\" srcset=\"http:\/\/nomasdeudas.cl\/wp-content\/uploads\/2022\/11\/DEFENSA-EN-JUICIO-POR-NOTIFICACION-DE-DEMANDA-FOTO-INTERNA-INICIAL-1024x683.jpg 1024w, http:\/\/nomasdeudas.cl\/wp-content\/uploads\/2022\/11\/DEFENSA-EN-JUICIO-POR-NOTIFICACION-DE-DEMANDA-FOTO-INTERNA-INICIAL-300x200.jpg 300w, http:\/\/nomasdeudas.cl\/wp-content\/uploads\/2022\/11\/DEFENSA-EN-JUICIO-POR-NOTIFICACION-DE-DEMANDA-FOTO-INTERNA-INICIAL-1536x1024.jpg 1536w, http:\/\/nomasdeudas.cl\/wp-content\/uploads\/2022\/11\/DEFENSA-EN-JUICIO-POR-NOTIFICACION-DE-DEMANDA-FOTO-INTERNA-INICIAL-600x400.jpg 600w\" sizes=\"(max-width: 1024px) 100vw, 1024px\" \/><\/a><\/div><\/div><\/div><\/div><div class=\"vc_col-sm-8 wpb_column vc_column_container\"><div class=\"vc_column-inner us_custom_e6162f0a\"><div class=\"wpb_wrapper\"><div class=\"w-iconbox iconpos_top style_default color_secondary align_left no_text\"><a href=\"https:\/\/nomasdeudas.cl\/index.php\/defensa-deudas-comerciales\/\" class=\"w-iconbox-link\" aria-label=\"Defensa deudas comerciales\"><div class=\"w-iconbox-icon\" style=\"font-size:2rem;\"><i class=\"fas fa-credit-card-front\"><\/i><\/div><\/a><div class=\"w-iconbox-meta\"><a href=\"https:\/\/nomasdeudas.cl\/index.php\/defensa-deudas-comerciales\/\" class=\"w-iconbox-link\" aria-label=\"Defensa deudas comerciales\"><h5 class=\"w-iconbox-title\" style=\"font-size:18px;\">Defensa deudas comerciales<\/h5><\/a><\/div><\/div><\/div><\/div><\/div><\/div><div class=\"g-cols wpb_row servicio via_flex valign_middle type_default stacking_default\"><div class=\"vc_col-sm-4 wpb_column vc_column_container\"><div class=\"vc_column-inner us_custom_b6a72ce1\"><div class=\"wpb_wrapper\"><div class=\"w-image align_none\"><a title=\"Defensa en juicio por notificaci\u00f3n de demanda\" href=\"\/index.php\/defensa-en-juicio-por-notificacion-de-demanda\/\" aria-label=\"Enlace\" class=\"w-image-h\"><img width=\"1024\" height=\"683\" src=\"http:\/\/nomasdeudas.cl\/wp-content\/uploads\/2022\/11\/DEFENSA-EN-JUICIO-POR-NOTIFICACION-DE-DEMANDA-FOTO-PESTANA-SERVICIOS-1024x683.jpg\" class=\"attachment-large size-large\" alt=\"\" decoding=\"async\" loading=\"lazy\" srcset=\"http:\/\/nomasdeudas.cl\/wp-content\/uploads\/2022\/11\/DEFENSA-EN-JUICIO-POR-NOTIFICACION-DE-DEMANDA-FOTO-PESTANA-SERVICIOS-1024x683.jpg 1024w, http:\/\/nomasdeudas.cl\/wp-content\/uploads\/2022\/11\/DEFENSA-EN-JUICIO-POR-NOTIFICACION-DE-DEMANDA-FOTO-PESTANA-SERVICIOS-300x200.jpg 300w, http:\/\/nomasdeudas.cl\/wp-content\/uploads\/2022\/11\/DEFENSA-EN-JUICIO-POR-NOTIFICACION-DE-DEMANDA-FOTO-PESTANA-SERVICIOS-1536x1024.jpg 1536w, http:\/\/nomasdeudas.cl\/wp-content\/uploads\/2022\/11\/DEFENSA-EN-JUICIO-POR-NOTIFICACION-DE-DEMANDA-FOTO-PESTANA-SERVICIOS-600x400.jpg 600w\" sizes=\"(max-width: 1024px) 100vw, 1024px\" \/><\/a><\/div><\/div><\/div><\/div><div class=\"vc_col-sm-8 wpb_column vc_column_container\"><div class=\"vc_column-inner us_custom_e6162f0a\"><div class=\"wpb_wrapper\"><div class=\"w-iconbox iconpos_top style_default color_secondary align_left no_text\"><a href=\"https:\/\/nomasdeudas.cl\/index.php\/defensa-deudas-bancarias\/\" class=\"w-iconbox-link\" aria-label=\"Defensa deudas bancarias \"><div class=\"w-iconbox-icon\" style=\"font-size:2rem;\"><i class=\"fas fa-briefcase\"><\/i><\/div><\/a><div class=\"w-iconbox-meta\"><a href=\"https:\/\/nomasdeudas.cl\/index.php\/defensa-deudas-bancarias\/\" class=\"w-iconbox-link\" aria-label=\"Defensa deudas bancarias \"><h5 class=\"w-iconbox-title\" style=\"font-size:18px;\">Defensa deudas bancarias <\/h5><\/a><\/div><\/div><\/div><\/div><\/div><\/div><div class=\"g-cols wpb_row servicio via_flex valign_middle type_default stacking_default\"><div class=\"vc_col-sm-4 wpb_column vc_column_container\"><div class=\"vc_column-inner us_custom_b6a72ce1\"><div class=\"wpb_wrapper\"><div class=\"w-image align_none\"><a title=\"Defensa en juicio por notificaci\u00f3n de demanda\" href=\"\/index.php\/defensa-en-juicio-por-notificacion-de-demanda\/\" aria-label=\"Enlace\" class=\"w-image-h\"><img width=\"1024\" height=\"683\" src=\"http:\/\/nomasdeudas.cl\/wp-content\/uploads\/2022\/11\/tercerias-foto-interna-1024x683.jpg\" class=\"attachment-large size-large\" alt=\"\" decoding=\"async\" loading=\"lazy\" srcset=\"http:\/\/nomasdeudas.cl\/wp-content\/uploads\/2022\/11\/tercerias-foto-interna-1024x683.jpg 1024w, http:\/\/nomasdeudas.cl\/wp-content\/uploads\/2022\/11\/tercerias-foto-interna-300x200.jpg 300w, http:\/\/nomasdeudas.cl\/wp-content\/uploads\/2022\/11\/tercerias-foto-interna-1536x1024.jpg 1536w, http:\/\/nomasdeudas.cl\/wp-content\/uploads\/2022\/11\/tercerias-foto-interna-600x400.jpg 600w\" sizes=\"(max-width: 1024px) 100vw, 1024px\" \/><\/a><\/div><\/div><\/div><\/div><div class=\"vc_col-sm-8 wpb_column vc_column_container\"><div class=\"vc_column-inner us_custom_e6162f0a\"><div class=\"wpb_wrapper\"><div class=\"w-iconbox iconpos_top style_default color_secondary align_left no_text\"><a href=\"https:\/\/nomasdeudas.cl\/index.php\/terceria-de-posesion\/\" class=\"w-iconbox-link\" aria-label=\"Tercer\u00eda de posesi\u00f3n\"><div class=\"w-iconbox-icon\" style=\"font-size:2rem;\"><i class=\"fas fa-tag\"><\/i><\/div><\/a><div class=\"w-iconbox-meta\"><a href=\"https:\/\/nomasdeudas.cl\/index.php\/terceria-de-posesion\/\" class=\"w-iconbox-link\" aria-label=\"Tercer\u00eda de posesi\u00f3n\"><h5 class=\"w-iconbox-title\" style=\"font-size:18px;\">Tercer\u00eda de posesi\u00f3n<\/h5><\/a><\/div><\/div><\/div><\/div><\/div><\/div><\/div><\/div><\/div><\/div><\/div><\/section>\n","protected":false},"excerpt":{"rendered":"Quiebra para personas naturalesDefensa deuda con Tesorer\u00eda General de la Rep\u00fablicaDeclaraci\u00f3n de insolvenciaDeuda castigadaDefensa deuda hipotecariaQuiebra para empresas o personas jur\u00eddicasPrescripci\u00f3n de deudasTercer\u00eda de dominioEliminar DICOMDefensa deudas comercialesDefensa deudas bancarias Tercer\u00eda de posesi\u00f3n","protected":false},"author":1,"featured_media":0,"parent":0,"menu_order":0,"comment_status":"closed","ping_status":"closed","template":"","meta":{"footnotes":""},"acf":[],"_links":{"self":[{"href":"http:\/\/nomasdeudas.cl\/index.php\/wp-json\/wp\/v2\/pages\/8200"}],"collection":[{"href":"http:\/\/nomasdeudas.cl\/index.php\/wp-json\/wp\/v2\/pages"}],"about":[{"href":"http:\/\/nomasdeudas.cl\/index.php\/wp-json\/wp\/v2\/types\/page"}],"author":[{"embeddable":true,"href":"http:\/\/nomasdeudas.cl\/index.php\/wp-json\/wp\/v2\/users\/1"}],"replies":[{"embeddable":true,"href":"http:\/\/nomasdeudas.cl\/index.php\/wp-json\/wp\/v2\/comments?post=8200"}],"version-history":[{"count":28,"href":"http:\/\/nomasdeudas.cl\/index.php\/wp-json\/wp\/v2\/pages\/8200\/revisions"}],"predecessor-version":[{"id":8479,"href":"http:\/\/nomasdeudas.cl\/index.php\/wp-json\/wp\/v2\/pages\/8200\/revisions\/8479"}],"wp:attachment":[{"href":"http:\/\/nomasdeudas.cl\/index.php\/wp-json\/wp\/v2\/media?parent=8200"}],"curies":[{"name":"wp","href":"https:\/\/api.w.org\/{rel}","templated":true}]}}