{"id":8248,"date":"2022-11-09T20:45:53","date_gmt":"2022-11-09T20:45:53","guid":{"rendered":"http:\/\/nomasdeudas.srtv.cl\/?page_id=8248"},"modified":"2022-11-09T21:09:56","modified_gmt":"2022-11-09T21:09:56","slug":"noticias","status":"publish","type":"page","link":"http:\/\/nomasdeudas.cl\/index.php\/noticias\/","title":{"rendered":"Noticias"},"content":{"rendered":"<section class=\"l-section wpb_row height_custom\"><div class=\"l-section-overlay\" style=\"background:var(--color-content-secondary)\"><\/div><div class=\"l-section-h i-cf\"><div class=\"g-cols vc_row via_flex valign_top type_default stacking_default\"><div class=\"vc_col-sm-12 wpb_column vc_column_container\"><div class=\"vc_column-inner\"><div class=\"wpb_wrapper\"><div class=\"wpb_text_column us_custom_2509bbe8 has_text_color\"><div class=\"wpb_wrapper\"><h2>NOTICIAS<\/h2>\n<\/div><\/div><div class=\"w-separator size_medium\"><\/div><div class=\"w-grid type_grid layout_blog_classic cols_3\" id=\"us_grid_1\" data-filterable=\"true\"><style>#us_grid_1 .w-grid-item{padding:1rem}#us_grid_1 .w-grid-list{margin:-1rem -1rem 1rem}.w-grid + #us_grid_1 .w-grid-list,.w-grid-none + #us_grid_1 .w-grid-list{margin-top:1rem}@media (max-width:899px){#us_grid_1 .w-grid-item{width:50%}}@media (max-width:599px){#us_grid_1 .w-grid-list{margin:0}#us_grid_1 .w-grid-item{width:100%;padding:0;margin-bottom:1rem}}.layout_blog_classic .w-grid-item-h{}.layout_blog_classic .usg_post_image_1{margin-bottom:1rem!important}.layout_blog_classic .usg_post_title_1{font-size:1.4rem!important;margin-bottom:0.5rem!important}.layout_blog_classic .usg_hwrapper_1{color:var(--color-content-faded)!important;font-size:0.9rem!important}.layout_blog_classic .usg_post_content_1{margin-top:0.5rem!important}.layout_blog_classic .usg_btn_1{margin-top:1.5rem!important}<\/style><div class=\"w-grid-list\">\t<article class=\"w-grid-item size_1x1 post-8520 post type-post status-publish format-standard has-post-thumbnail hentry category-noticias\" data-id=\"8520\">\n\t\t<div class=\"w-grid-item-h\">\n\t\t\t\t\t\t<div class=\"w-post-elm post_image usg_post_image_1 stretched\"><a href=\"http:\/\/nomasdeudas.cl\/index.php\/no-se-puede-incluir-el-cae-en-la-masa-de-deudas-que-se-pretendan-sanear-mediante-el-procedimiento-de-liquidacion-voluntaria-de-bienes\/\" aria-label=\"NO SE PUEDE INCLUIR EL CAE EN LA MASA DE DEUDAS QUE SE PRETENDAN SANEAR MEDIANTE EL PROCEDIMIENTO DE LIQUIDACI\u00d3N VOLUNTARIA DE BIENES.\"><img width=\"1024\" height=\"683\" src=\"http:\/\/nomasdeudas.cl\/wp-content\/uploads\/2022\/11\/quiebra-para-personas-naturales-FOTO-INTERNA-INICIAL-1024x683.jpg\" class=\"attachment-large size-large wp-post-image\" alt=\"\" decoding=\"async\" srcset=\"http:\/\/nomasdeudas.cl\/wp-content\/uploads\/2022\/11\/quiebra-para-personas-naturales-FOTO-INTERNA-INICIAL-1024x683.jpg 1024w, http:\/\/nomasdeudas.cl\/wp-content\/uploads\/2022\/11\/quiebra-para-personas-naturales-FOTO-INTERNA-INICIAL-300x200.jpg 300w, http:\/\/nomasdeudas.cl\/wp-content\/uploads\/2022\/11\/quiebra-para-personas-naturales-FOTO-INTERNA-INICIAL-1536x1024.jpg 1536w, http:\/\/nomasdeudas.cl\/wp-content\/uploads\/2022\/11\/quiebra-para-personas-naturales-FOTO-INTERNA-INICIAL-600x400.jpg 600w\" sizes=\"(max-width: 1024px) 100vw, 1024px\" \/><\/a><\/div><h2 class=\"w-post-elm post_title usg_post_title_1 entry-title color_link_inherit\"><a href=\"http:\/\/nomasdeudas.cl\/index.php\/no-se-puede-incluir-el-cae-en-la-masa-de-deudas-que-se-pretendan-sanear-mediante-el-procedimiento-de-liquidacion-voluntaria-de-bienes\/\">NO SE PUEDE INCLUIR EL CAE EN LA MASA DE DEUDAS QUE SE PRETENDAN SANEAR MEDIANTE EL PROCEDIMIENTO DE LIQUIDACI\u00d3N VOLUNTARIA DE BIENES.<\/a><\/h2><div class=\"w-hwrapper usg_hwrapper_1 align_none valign_top wrap\"><time class=\"w-post-elm post_date usg_post_date_1 entry-date published\" datetime=\"2023-08-01T10:01:23+00:00\" title=\"1 agosto 2023 a las 10:01:23 +00:00\">hace 3 a\u00f1os<\/time><div class=\"w-post-elm post_taxonomy usg_post_taxonomy_1 style_simple color_link_inherit\"><a class=\"term-66 term-noticias\" href=\"http:\/\/nomasdeudas.cl\/index.php\/category\/noticias\/\">Noticias<\/a><\/div><\/div><div class=\"w-post-elm post_content usg_post_content_1\">La Corte Suprema acogi\u00f3 el recurso de casaci\u00f3n en el fondo interpuesto en contra de la sentencia dictada por la Corte de Santiago, que revoc\u00f3 aquella de base, y en&hellip;<\/div><a class=\"w-btn us-btn-style_2 usg_btn_1\" href=\"http:\/\/nomasdeudas.cl\/index.php\/no-se-puede-incluir-el-cae-en-la-masa-de-deudas-que-se-pretendan-sanear-mediante-el-procedimiento-de-liquidacion-voluntaria-de-bienes\/\"><span class=\"w-btn-label\">Leer M\u00e1s<\/span><\/a>\t\t<\/div>\n\t<\/article>\n\t<article class=\"w-grid-item size_1x1 post-8412 post type-post status-publish format-standard has-post-thumbnail hentry category-noticias\" data-id=\"8412\">\n\t\t<div class=\"w-grid-item-h\">\n\t\t\t\t\t\t<div class=\"w-post-elm post_image usg_post_image_1 stretched\"><a href=\"http:\/\/nomasdeudas.cl\/index.php\/ley-de-quiebra\/\" aria-label=\"LEY DE QUIEBRA\"><img width=\"1024\" height=\"683\" src=\"http:\/\/nomasdeudas.cl\/wp-content\/uploads\/2022\/11\/DEFENSA-EN-JUICIO-CON-TESOSERIA-GENERAL-DE-LA-REPUBLICA-FOTO-INTERNA-INICIAL-1024x683.jpg\" class=\"attachment-large size-large wp-post-image\" alt=\"\" decoding=\"async\" srcset=\"http:\/\/nomasdeudas.cl\/wp-content\/uploads\/2022\/11\/DEFENSA-EN-JUICIO-CON-TESOSERIA-GENERAL-DE-LA-REPUBLICA-FOTO-INTERNA-INICIAL-1024x683.jpg 1024w, http:\/\/nomasdeudas.cl\/wp-content\/uploads\/2022\/11\/DEFENSA-EN-JUICIO-CON-TESOSERIA-GENERAL-DE-LA-REPUBLICA-FOTO-INTERNA-INICIAL-300x200.jpg 300w, http:\/\/nomasdeudas.cl\/wp-content\/uploads\/2022\/11\/DEFENSA-EN-JUICIO-CON-TESOSERIA-GENERAL-DE-LA-REPUBLICA-FOTO-INTERNA-INICIAL-1536x1024.jpg 1536w, http:\/\/nomasdeudas.cl\/wp-content\/uploads\/2022\/11\/DEFENSA-EN-JUICIO-CON-TESOSERIA-GENERAL-DE-LA-REPUBLICA-FOTO-INTERNA-INICIAL-600x400.jpg 600w\" sizes=\"(max-width: 1024px) 100vw, 1024px\" \/><\/a><\/div><h2 class=\"w-post-elm post_title usg_post_title_1 entry-title color_link_inherit\"><a href=\"http:\/\/nomasdeudas.cl\/index.php\/ley-de-quiebra\/\">LEY DE QUIEBRA<\/a><\/h2><div class=\"w-hwrapper usg_hwrapper_1 align_none valign_top wrap\"><time class=\"w-post-elm post_date usg_post_date_1 entry-date published\" datetime=\"2023-02-17T20:45:08+00:00\" title=\"17 febrero 2023 a las 20:45:08 +00:00\">hace 3 a\u00f1os<\/time><div class=\"w-post-elm post_taxonomy usg_post_taxonomy_1 style_simple color_link_inherit\"><a class=\"term-66 term-noticias\" href=\"http:\/\/nomasdeudas.cl\/index.php\/category\/noticias\/\">Noticias<\/a><\/div><\/div><a class=\"w-btn us-btn-style_2 usg_btn_1\" href=\"http:\/\/nomasdeudas.cl\/index.php\/ley-de-quiebra\/\"><span class=\"w-btn-label\">Leer M\u00e1s<\/span><\/a>\t\t<\/div>\n\t<\/article>\n\t<article class=\"w-grid-item size_1x1 post-8410 post type-post status-publish format-standard has-post-thumbnail hentry category-noticias\" data-id=\"8410\">\n\t\t<div class=\"w-grid-item-h\">\n\t\t\t\t\t\t<div class=\"w-post-elm post_image usg_post_image_1 stretched\"><a href=\"http:\/\/nomasdeudas.cl\/index.php\/crisis-economica\/\" aria-label=\"CRISIS ECON\u00d3MICA\"><img width=\"1024\" height=\"683\" src=\"http:\/\/nomasdeudas.cl\/wp-content\/uploads\/2022\/11\/quiebra-para-personas-naturales-foto-pestana-servicios-1024x683.jpg\" class=\"attachment-large size-large wp-post-image\" alt=\"\" decoding=\"async\" srcset=\"http:\/\/nomasdeudas.cl\/wp-content\/uploads\/2022\/11\/quiebra-para-personas-naturales-foto-pestana-servicios-1024x683.jpg 1024w, http:\/\/nomasdeudas.cl\/wp-content\/uploads\/2022\/11\/quiebra-para-personas-naturales-foto-pestana-servicios-300x200.jpg 300w, http:\/\/nomasdeudas.cl\/wp-content\/uploads\/2022\/11\/quiebra-para-personas-naturales-foto-pestana-servicios-1536x1024.jpg 1536w, http:\/\/nomasdeudas.cl\/wp-content\/uploads\/2022\/11\/quiebra-para-personas-naturales-foto-pestana-servicios-600x400.jpg 600w\" sizes=\"(max-width: 1024px) 100vw, 1024px\" \/><\/a><\/div><h2 class=\"w-post-elm post_title usg_post_title_1 entry-title color_link_inherit\"><a href=\"http:\/\/nomasdeudas.cl\/index.php\/crisis-economica\/\">CRISIS ECON\u00d3MICA<\/a><\/h2><div class=\"w-hwrapper usg_hwrapper_1 align_none valign_top wrap\"><time class=\"w-post-elm post_date usg_post_date_1 entry-date published\" datetime=\"2023-02-17T20:43:01+00:00\" title=\"17 febrero 2023 a las 20:43:01 +00:00\">hace 3 a\u00f1os<\/time><div class=\"w-post-elm post_taxonomy usg_post_taxonomy_1 style_simple color_link_inherit\"><a class=\"term-66 term-noticias\" href=\"http:\/\/nomasdeudas.cl\/index.php\/category\/noticias\/\">Noticias<\/a><\/div><\/div><a class=\"w-btn us-btn-style_2 usg_btn_1\" href=\"http:\/\/nomasdeudas.cl\/index.php\/crisis-economica\/\"><span class=\"w-btn-label\">Leer M\u00e1s<\/span><\/a>\t\t<\/div>\n\t<\/article>\n\t<article class=\"w-grid-item size_1x1 post-8161 post type-post status-publish format-standard has-post-thumbnail hentry category-noticias\" data-id=\"8161\">\n\t\t<div class=\"w-grid-item-h\">\n\t\t\t\t\t\t<div class=\"w-post-elm post_image usg_post_image_1 stretched\"><a href=\"http:\/\/nomasdeudas.cl\/index.php\/suprema-ordena-borrar-deudas-del-cae-y-fondo-solidario-a-quienes-se-declaran-en-quiebra\/\" aria-label=\"SUPREMA ORDENA BORRAR DEUDAS DEL CAE Y FONDO SOLIDARIO A QUIENES SE DECLARAN EN QUIEBRA\"><img width=\"750\" height=\"420\" src=\"http:\/\/nomasdeudas.cl\/wp-content\/uploads\/2022\/11\/noticia7.jpg\" class=\"attachment-large size-large wp-post-image\" alt=\"\" decoding=\"async\" srcset=\"http:\/\/nomasdeudas.cl\/wp-content\/uploads\/2022\/11\/noticia7.jpg 750w, http:\/\/nomasdeudas.cl\/wp-content\/uploads\/2022\/11\/noticia7-300x168.jpg 300w, http:\/\/nomasdeudas.cl\/wp-content\/uploads\/2022\/11\/noticia7-600x336.jpg 600w\" sizes=\"(max-width: 750px) 100vw, 750px\" \/><\/a><\/div><h2 class=\"w-post-elm post_title usg_post_title_1 entry-title color_link_inherit\"><a href=\"http:\/\/nomasdeudas.cl\/index.php\/suprema-ordena-borrar-deudas-del-cae-y-fondo-solidario-a-quienes-se-declaran-en-quiebra\/\">SUPREMA ORDENA BORRAR DEUDAS DEL CAE Y FONDO SOLIDARIO A QUIENES SE DECLARAN EN QUIEBRA<\/a><\/h2><div class=\"w-hwrapper usg_hwrapper_1 align_none valign_top wrap\"><time class=\"w-post-elm post_date usg_post_date_1 entry-date published\" datetime=\"2022-11-08T21:22:32+00:00\" title=\"8 noviembre 2022 a las 21:22:32 +00:00\">hace 3 a\u00f1os<\/time><div class=\"w-post-elm post_taxonomy usg_post_taxonomy_1 style_simple color_link_inherit\"><a class=\"term-66 term-noticias\" href=\"http:\/\/nomasdeudas.cl\/index.php\/category\/noticias\/\">Noticias<\/a><\/div><\/div><div class=\"w-post-elm post_content usg_post_content_1\">La Tercera Sala de la Corte Suprema resolvi\u00f3 anular la deuda que dos mujeres manten\u00edan con el CAE y el Fondo Solidario, pese a que se hab\u00edan declarado en quiebra&hellip;<\/div><a class=\"w-btn us-btn-style_2 usg_btn_1\" href=\"http:\/\/nomasdeudas.cl\/index.php\/suprema-ordena-borrar-deudas-del-cae-y-fondo-solidario-a-quienes-se-declaran-en-quiebra\/\"><span class=\"w-btn-label\">Leer M\u00e1s<\/span><\/a>\t\t<\/div>\n\t<\/article>\n\t<article class=\"w-grid-item size_1x1 post-8158 post type-post status-publish format-standard has-post-thumbnail hentry category-noticias\" data-id=\"8158\">\n\t\t<div class=\"w-grid-item-h\">\n\t\t\t\t\t\t<div class=\"w-post-elm post_image usg_post_image_1 stretched\"><a href=\"http:\/\/nomasdeudas.cl\/index.php\/indicador-de-quiebras-estiman-un-aumento-de-9-en-julio\/\" aria-label=\"INDICADOR DE QUIEBRAS: ESTIMAN UN AUMENTO DE 9% EN JULIO\"><img width=\"640\" height=\"360\" src=\"http:\/\/nomasdeudas.cl\/wp-content\/uploads\/2022\/11\/noticia6.jpeg\" class=\"attachment-large size-large wp-post-image\" alt=\"\" decoding=\"async\" srcset=\"http:\/\/nomasdeudas.cl\/wp-content\/uploads\/2022\/11\/noticia6.jpeg 640w, http:\/\/nomasdeudas.cl\/wp-content\/uploads\/2022\/11\/noticia6-300x169.jpeg 300w, http:\/\/nomasdeudas.cl\/wp-content\/uploads\/2022\/11\/noticia6-600x338.jpeg 600w\" sizes=\"(max-width: 640px) 100vw, 640px\" \/><\/a><\/div><h2 class=\"w-post-elm post_title usg_post_title_1 entry-title color_link_inherit\"><a href=\"http:\/\/nomasdeudas.cl\/index.php\/indicador-de-quiebras-estiman-un-aumento-de-9-en-julio\/\">INDICADOR DE QUIEBRAS: ESTIMAN UN AUMENTO DE 9% EN JULIO<\/a><\/h2><div class=\"w-hwrapper usg_hwrapper_1 align_none valign_top wrap\"><time class=\"w-post-elm post_date usg_post_date_1 entry-date published\" datetime=\"2022-11-08T21:21:02+00:00\" title=\"8 noviembre 2022 a las 21:21:02 +00:00\">hace 3 a\u00f1os<\/time><div class=\"w-post-elm post_taxonomy usg_post_taxonomy_1 style_simple color_link_inherit\"><a class=\"term-66 term-noticias\" href=\"http:\/\/nomasdeudas.cl\/index.php\/category\/noticias\/\">Noticias<\/a><\/div><\/div><div class=\"w-post-elm post_content usg_post_content_1\">FK Economics actualiz\u00f3 sus predicciones sobre el n\u00famero de liquidaciones de empresas para julio, y la probabilidad de que la cifra vaya aumentando en los pr\u00f3ximos tres meses. En junio,&hellip;<\/div><a class=\"w-btn us-btn-style_2 usg_btn_1\" href=\"http:\/\/nomasdeudas.cl\/index.php\/indicador-de-quiebras-estiman-un-aumento-de-9-en-julio\/\"><span class=\"w-btn-label\">Leer M\u00e1s<\/span><\/a>\t\t<\/div>\n\t<\/article>\n\t<article class=\"w-grid-item size_1x1 post-8155 post type-post status-publish format-standard has-post-thumbnail hentry category-noticias\" data-id=\"8155\">\n\t\t<div class=\"w-grid-item-h\">\n\t\t\t\t\t\t<div class=\"w-post-elm post_image usg_post_image_1 stretched\"><a href=\"http:\/\/nomasdeudas.cl\/index.php\/que-es-la-superir\/\" aria-label=\"\u00bfQU\u00c9 ES LA SUPERIR?\"><img width=\"870\" height=\"500\" src=\"http:\/\/nomasdeudas.cl\/wp-content\/uploads\/2022\/11\/noticia5.jpg\" class=\"attachment-large size-large wp-post-image\" alt=\"\" decoding=\"async\" srcset=\"http:\/\/nomasdeudas.cl\/wp-content\/uploads\/2022\/11\/noticia5.jpg 870w, http:\/\/nomasdeudas.cl\/wp-content\/uploads\/2022\/11\/noticia5-300x172.jpg 300w, http:\/\/nomasdeudas.cl\/wp-content\/uploads\/2022\/11\/noticia5-600x345.jpg 600w\" sizes=\"(max-width: 870px) 100vw, 870px\" \/><\/a><\/div><h2 class=\"w-post-elm post_title usg_post_title_1 entry-title color_link_inherit\"><a href=\"http:\/\/nomasdeudas.cl\/index.php\/que-es-la-superir\/\">\u00bfQU\u00c9 ES LA SUPERIR?<\/a><\/h2><div class=\"w-hwrapper usg_hwrapper_1 align_none valign_top wrap\"><time class=\"w-post-elm post_date usg_post_date_1 entry-date published\" datetime=\"2022-11-08T21:19:37+00:00\" title=\"8 noviembre 2022 a las 21:19:37 +00:00\">hace 3 a\u00f1os<\/time><div class=\"w-post-elm post_taxonomy usg_post_taxonomy_1 style_simple color_link_inherit\"><a class=\"term-66 term-noticias\" href=\"http:\/\/nomasdeudas.cl\/index.php\/category\/noticias\/\">Noticias<\/a><\/div><\/div><div class=\"w-post-elm post_content usg_post_content_1\">Historia La Superintendencia de Insolvencia y Reemprendimiento es un servicio p\u00fablico, aut\u00f3nomo, con personalidad jur\u00eddica propia y que se relaciona con\u00a0el Presidente de la Rep\u00fablica a trav\u00e9s del Ministerio de&hellip;<\/div><a class=\"w-btn us-btn-style_2 usg_btn_1\" href=\"http:\/\/nomasdeudas.cl\/index.php\/que-es-la-superir\/\"><span class=\"w-btn-label\">Leer M\u00e1s<\/span><\/a>\t\t<\/div>\n\t<\/article>\n\t<article class=\"w-grid-item size_1x1 post-8152 post type-post status-publish format-standard has-post-thumbnail hentry category-noticias\" data-id=\"8152\">\n\t\t<div class=\"w-grid-item-h\">\n\t\t\t\t\t\t<div class=\"w-post-elm post_image usg_post_image_1 stretched\"><a href=\"http:\/\/nomasdeudas.cl\/index.php\/que-es-la-cmf\/\" aria-label=\"\u00bfQU\u00c9 ES LA CMF?\"><img width=\"870\" height=\"500\" src=\"http:\/\/nomasdeudas.cl\/wp-content\/uploads\/2022\/11\/noticia4.jpg\" class=\"attachment-large size-large wp-post-image\" alt=\"\" decoding=\"async\" srcset=\"http:\/\/nomasdeudas.cl\/wp-content\/uploads\/2022\/11\/noticia4.jpg 870w, http:\/\/nomasdeudas.cl\/wp-content\/uploads\/2022\/11\/noticia4-300x172.jpg 300w, http:\/\/nomasdeudas.cl\/wp-content\/uploads\/2022\/11\/noticia4-600x345.jpg 600w\" sizes=\"(max-width: 870px) 100vw, 870px\" \/><\/a><\/div><h2 class=\"w-post-elm post_title usg_post_title_1 entry-title color_link_inherit\"><a href=\"http:\/\/nomasdeudas.cl\/index.php\/que-es-la-cmf\/\">\u00bfQU\u00c9 ES LA CMF?<\/a><\/h2><div class=\"w-hwrapper usg_hwrapper_1 align_none valign_top wrap\"><time class=\"w-post-elm post_date usg_post_date_1 entry-date published\" datetime=\"2022-11-08T21:17:24+00:00\" title=\"8 noviembre 2022 a las 21:17:24 +00:00\">hace 3 a\u00f1os<\/time><div class=\"w-post-elm post_taxonomy usg_post_taxonomy_1 style_simple color_link_inherit\"><a class=\"term-66 term-noticias\" href=\"http:\/\/nomasdeudas.cl\/index.php\/category\/noticias\/\">Noticias<\/a><\/div><\/div><div class=\"w-post-elm post_content usg_post_content_1\">La Comisi\u00f3n del Mercado Financiero (CMF) es un servicio p\u00fablico descentralizado, de car\u00e1cter t\u00e9cnico, dotado de personalidad jur\u00eddica y patrimonio propio, que se relaciona con el Presidente de la Rep\u00fablica&hellip;<\/div><a class=\"w-btn us-btn-style_2 usg_btn_1\" href=\"http:\/\/nomasdeudas.cl\/index.php\/que-es-la-cmf\/\"><span class=\"w-btn-label\">Leer M\u00e1s<\/span><\/a>\t\t<\/div>\n\t<\/article>\n\t<article class=\"w-grid-item size_1x1 post-8148 post type-post status-publish format-standard has-post-thumbnail hentry category-noticias\" data-id=\"8148\">\n\t\t<div class=\"w-grid-item-h\">\n\t\t\t\t\t\t<div class=\"w-post-elm post_image usg_post_image_1 stretched\"><a href=\"http:\/\/nomasdeudas.cl\/index.php\/23-millones-de-personas-saldrian-a-buscar-trabajo-post-cuarentenas-en-medio-de-una-deprimida-economia\/\" aria-label=\"2,3 MILLONES DE PERSONAS SALDR\u00cdAN A BUSCAR TRABAJO POST CUARENTENAS EN MEDIO DE UNA DEPRIMIDA ECONOM\u00cdA\"><img width=\"710\" height=\"399\" src=\"http:\/\/nomasdeudas.cl\/wp-content\/uploads\/2022\/11\/noticia3.jpg\" class=\"attachment-large size-large wp-post-image\" alt=\"\" decoding=\"async\" srcset=\"http:\/\/nomasdeudas.cl\/wp-content\/uploads\/2022\/11\/noticia3.jpg 710w, http:\/\/nomasdeudas.cl\/wp-content\/uploads\/2022\/11\/noticia3-300x169.jpg 300w, http:\/\/nomasdeudas.cl\/wp-content\/uploads\/2022\/11\/noticia3-600x337.jpg 600w\" sizes=\"(max-width: 710px) 100vw, 710px\" \/><\/a><\/div><h2 class=\"w-post-elm post_title usg_post_title_1 entry-title color_link_inherit\"><a href=\"http:\/\/nomasdeudas.cl\/index.php\/23-millones-de-personas-saldrian-a-buscar-trabajo-post-cuarentenas-en-medio-de-una-deprimida-economia\/\">2,3 MILLONES DE PERSONAS SALDR\u00cdAN A BUSCAR TRABAJO POST CUARENTENAS EN MEDIO DE UNA DEPRIMIDA ECONOM\u00cdA<\/a><\/h2><div class=\"w-hwrapper usg_hwrapper_1 align_none valign_top wrap\"><time class=\"w-post-elm post_date usg_post_date_1 entry-date published\" datetime=\"2022-11-08T21:13:44+00:00\" title=\"8 noviembre 2022 a las 21:13:44 +00:00\">hace 3 a\u00f1os<\/time><div class=\"w-post-elm post_taxonomy usg_post_taxonomy_1 style_simple color_link_inherit\"><a class=\"term-66 term-noticias\" href=\"http:\/\/nomasdeudas.cl\/index.php\/category\/noticias\/\">Noticias<\/a><\/div><\/div><div class=\"w-post-elm post_content usg_post_content_1\">Seg\u00fan las cifras del INE entregadas esta semana, unas\u00a0940 mil personas estuvieron desocupadas en el trimestre marzo-abril-mayo de este a\u00f1o. Pero a eso hay que sumarle cerca de 1,1 millones&hellip;<\/div><a class=\"w-btn us-btn-style_2 usg_btn_1\" href=\"http:\/\/nomasdeudas.cl\/index.php\/23-millones-de-personas-saldrian-a-buscar-trabajo-post-cuarentenas-en-medio-de-una-deprimida-economia\/\"><span class=\"w-btn-label\">Leer M\u00e1s<\/span><\/a>\t\t<\/div>\n\t<\/article>\n\t<article class=\"w-grid-item size_1x1 post-8145 post type-post status-publish format-standard has-post-thumbnail hentry category-noticias\" data-id=\"8145\">\n\t\t<div class=\"w-grid-item-h\">\n\t\t\t\t\t\t<div class=\"w-post-elm post_image usg_post_image_1 stretched\"><a href=\"http:\/\/nomasdeudas.cl\/index.php\/la-superir-suma-a-la-cmf-y-al-banco-central-como-nuevos-convenios-de-colaboracion\/\" aria-label=\"LA SUPERIR SUMA A LA CMF Y AL BANCO CENTRAL COMO NUEVOS CONVENIOS DE COLABORACI\u00d3N\"><img width=\"870\" height=\"391\" src=\"http:\/\/nomasdeudas.cl\/wp-content\/uploads\/2022\/11\/noticia2.png\" class=\"attachment-large size-large wp-post-image\" alt=\"\" decoding=\"async\" srcset=\"http:\/\/nomasdeudas.cl\/wp-content\/uploads\/2022\/11\/noticia2.png 870w, http:\/\/nomasdeudas.cl\/wp-content\/uploads\/2022\/11\/noticia2-300x135.png 300w, http:\/\/nomasdeudas.cl\/wp-content\/uploads\/2022\/11\/noticia2-600x270.png 600w\" sizes=\"(max-width: 870px) 100vw, 870px\" \/><\/a><\/div><h2 class=\"w-post-elm post_title usg_post_title_1 entry-title color_link_inherit\"><a href=\"http:\/\/nomasdeudas.cl\/index.php\/la-superir-suma-a-la-cmf-y-al-banco-central-como-nuevos-convenios-de-colaboracion\/\">LA SUPERIR SUMA A LA CMF Y AL BANCO CENTRAL COMO NUEVOS CONVENIOS DE COLABORACI\u00d3N<\/a><\/h2><div class=\"w-hwrapper usg_hwrapper_1 align_none valign_top wrap\"><time class=\"w-post-elm post_date usg_post_date_1 entry-date published\" datetime=\"2022-11-08T21:11:07+00:00\" title=\"8 noviembre 2022 a las 21:11:07 +00:00\">hace 3 a\u00f1os<\/time><div class=\"w-post-elm post_taxonomy usg_post_taxonomy_1 style_simple color_link_inherit\"><a class=\"term-66 term-noticias\" href=\"http:\/\/nomasdeudas.cl\/index.php\/category\/noticias\/\">Noticias<\/a><\/div><\/div><div class=\"w-post-elm post_content usg_post_content_1\">Santiago. La Comisi\u00f3n para el Mercado Financiero y el Banco Central son las dos nuevas instituciones que sum\u00f3 la Superintendencia de Insolvencia y Reemprendimiento a su n\u00f3mina de servicios con&hellip;<\/div><a class=\"w-btn us-btn-style_2 usg_btn_1\" href=\"http:\/\/nomasdeudas.cl\/index.php\/la-superir-suma-a-la-cmf-y-al-banco-central-como-nuevos-convenios-de-colaboracion\/\"><span class=\"w-btn-label\">Leer M\u00e1s<\/span><\/a>\t\t<\/div>\n\t<\/article>\n\t<article class=\"w-grid-item size_1x1 post-8141 post type-post status-publish format-standard has-post-thumbnail hentry category-noticias\" data-id=\"8141\">\n\t\t<div class=\"w-grid-item-h\">\n\t\t\t\t\t\t<div class=\"w-post-elm post_image usg_post_image_1 stretched\"><a href=\"http:\/\/nomasdeudas.cl\/index.php\/desempleo-llega-a-su-mayor-nivel-en-16-anos-y-covid-destruye-15-millones-de-puestos-de-trabajo\/\" aria-label=\"DESEMPLEO LLEGA A SU MAYOR NIVEL EN 16 A\u00d1OS Y COVID DESTRUYE 1,5 MILLONES DE PUESTOS DE TRABAJO\"><img width=\"870\" height=\"500\" src=\"http:\/\/nomasdeudas.cl\/wp-content\/uploads\/2022\/11\/noticia1.png\" class=\"attachment-large size-large wp-post-image\" alt=\"\" decoding=\"async\" srcset=\"http:\/\/nomasdeudas.cl\/wp-content\/uploads\/2022\/11\/noticia1.png 870w, http:\/\/nomasdeudas.cl\/wp-content\/uploads\/2022\/11\/noticia1-300x172.png 300w, http:\/\/nomasdeudas.cl\/wp-content\/uploads\/2022\/11\/noticia1-600x345.png 600w\" sizes=\"(max-width: 870px) 100vw, 870px\" \/><\/a><\/div><h2 class=\"w-post-elm post_title usg_post_title_1 entry-title color_link_inherit\"><a href=\"http:\/\/nomasdeudas.cl\/index.php\/desempleo-llega-a-su-mayor-nivel-en-16-anos-y-covid-destruye-15-millones-de-puestos-de-trabajo\/\">DESEMPLEO LLEGA A SU MAYOR NIVEL EN 16 A\u00d1OS Y COVID DESTRUYE 1,5 MILLONES DE PUESTOS DE TRABAJO<\/a><\/h2><div class=\"w-hwrapper usg_hwrapper_1 align_none valign_top wrap\"><time class=\"w-post-elm post_date usg_post_date_1 entry-date published\" datetime=\"2022-11-08T20:56:20+00:00\" title=\"8 noviembre 2022 a las 20:56:20 +00:00\">hace 3 a\u00f1os<\/time><div class=\"w-post-elm post_taxonomy usg_post_taxonomy_1 style_simple color_link_inherit\"><a class=\"term-66 term-noticias\" href=\"http:\/\/nomasdeudas.cl\/index.php\/category\/noticias\/\">Noticias<\/a><\/div><\/div><div class=\"w-post-elm post_content usg_post_content_1\">La tasa de desocupaci\u00f3n alcanz\u00f3 su nivel m\u00e1s alto desde 2004. En tanto, el empleo cay\u00f3 16,5% en 12 meses, la mayor baja en esa variable desde que hay datos.&hellip;<\/div><a class=\"w-btn us-btn-style_2 usg_btn_1\" href=\"http:\/\/nomasdeudas.cl\/index.php\/desempleo-llega-a-su-mayor-nivel-en-16-anos-y-covid-destruye-15-millones-de-puestos-de-trabajo\/\"><span class=\"w-btn-label\">Leer M\u00e1s<\/span><\/a>\t\t<\/div>\n\t<\/article>\n<\/div><div class=\"w-grid-preloader\"><div class=\"g-preloader type_1\">\n\t<div><\/div>\n<\/div>\n<\/div>\t<div class=\"w-grid-json hidden\" onclick='return {&quot;action&quot;:&quot;us_ajax_grid&quot;,&quot;ajax_url&quot;:&quot;http:\\\/\\\/nomasdeudas.cl\\\/wp-admin\\\/admin-ajax.php&quot;,&quot;infinite_scroll&quot;:0,&quot;max_num_pages&quot;:1,&quot;pagination&quot;:&quot;infinite&quot;,&quot;permalink_url&quot;:&quot;http:\\\/\\\/nomasdeudas.cl\\\/wp-json\\\/wp\\\/v2\\\/pages\\\/8248&quot;,&quot;template_vars&quot;:{&quot;columns&quot;:&quot;3&quot;,&quot;exclude_items&quot;:&quot;none&quot;,&quot;img_size&quot;:&quot;default&quot;,&quot;ignore_items_size&quot;:0,&quot;items_layout&quot;:&quot;blog_classic&quot;,&quot;items_offset&quot;:&quot;1&quot;,&quot;load_animation&quot;:&quot;none&quot;,&quot;overriding_link&quot;:&quot;none&quot;,&quot;post_id&quot;:8248,&quot;query_args&quot;:{&quot;post_type&quot;:[&quot;post&quot;],&quot;tax_query&quot;:[{&quot;taxonomy&quot;:&quot;category&quot;,&quot;field&quot;:&quot;slug&quot;,&quot;terms&quot;:[&quot;noticias&quot;]}],&quot;post_status&quot;:[&quot;publish&quot;,&quot;acf-disabled&quot;],&quot;posts_per_page&quot;:&quot;20&quot;},&quot;orderby_query_args&quot;:{&quot;orderby&quot;:{&quot;date&quot;:&quot;DESC&quot;}},&quot;type&quot;:&quot;grid&quot;,&quot;us_grid_ajax_index&quot;:1,&quot;us_grid_filter_params&quot;:null,&quot;us_grid_index&quot;:1,&quot;_us_grid_post_type&quot;:&quot;post&quot;}}'><\/div>\n\t<\/div><\/div><\/div><\/div><\/div><\/div><\/section>\n","protected":false},"excerpt":{"rendered":"La tasa de desocupaci\u00f3n alcanz\u00f3 su nivel m\u00e1s alto desde 2004. En tanto, el empleo cay\u00f3 16,5% en 12 meses, la mayor baja en esa variable desde que hay datos. La ca\u00edda se explica en su totalidad por los \u00faltimos dos meses. Finalmente el desempleo alcanz\u00f3 los dos d\u00edgitos, en medio del peor escenario para...","protected":false},"author":1,"featured_media":0,"parent":0,"menu_order":0,"comment_status":"closed","ping_status":"closed","template":"","meta":{"footnotes":""},"acf":[],"_links":{"self":[{"href":"http:\/\/nomasdeudas.cl\/index.php\/wp-json\/wp\/v2\/pages\/8248"}],"collection":[{"href":"http:\/\/nomasdeudas.cl\/index.php\/wp-json\/wp\/v2\/pages"}],"about":[{"href":"http:\/\/nomasdeudas.cl\/index.php\/wp-json\/wp\/v2\/types\/page"}],"author":[{"embeddable":true,"href":"http:\/\/nomasdeudas.cl\/index.php\/wp-json\/wp\/v2\/users\/1"}],"replies":[{"embeddable":true,"href":"http:\/\/nomasdeudas.cl\/index.php\/wp-json\/wp\/v2\/comments?post=8248"}],"version-history":[{"count":26,"href":"http:\/\/nomasdeudas.cl\/index.php\/wp-json\/wp\/v2\/pages\/8248\/revisions"}],"predecessor-version":[{"id":8279,"href":"http:\/\/nomasdeudas.cl\/index.php\/wp-json\/wp\/v2\/pages\/8248\/revisions\/8279"}],"wp:attachment":[{"href":"http:\/\/nomasdeudas.cl\/index.php\/wp-json\/wp\/v2\/media?parent=8248"}],"curies":[{"name":"wp","href":"https:\/\/api.w.org\/{rel}","templated":true}]}}