{"id":8280,"date":"2022-11-09T21:27:46","date_gmt":"2022-11-09T21:27:46","guid":{"rendered":"http:\/\/nomasdeudas.srtv.cl\/?page_id=8280"},"modified":"2022-11-09T21:32:25","modified_gmt":"2022-11-09T21:32:25","slug":"preguntas-frecuentes","status":"publish","type":"page","link":"http:\/\/nomasdeudas.cl\/index.php\/preguntas-frecuentes\/","title":{"rendered":"Preguntas frecuentes"},"content":{"rendered":"<section class=\"l-section wpb_row height_custom with_img\"><div class=\"l-section-img\" style=\"background-image: url(http:\/\/nomasdeudas.cl\/wp-content\/uploads\/2022\/11\/imagen-inicial-preguntas-frecuentes-scaled.jpg);\" data-img-width=\"2560\" data-img-height=\"1707\"><\/div><div class=\"l-section-overlay\" style=\"background:rgba(51,51,51,0.70)\"><\/div><div class=\"l-section-h i-cf\"><div class=\"g-cols vc_row via_flex valign_top type_default stacking_default\"><div class=\"vc_col-sm-12 wpb_column vc_column_container\"><div class=\"vc_column-inner\"><div class=\"wpb_wrapper\"><div class=\"w-separator size_huge\"><\/div><div class=\"wpb_text_column us_custom_2509bbe8 has_text_color\"><div class=\"wpb_wrapper\"><h3>PREGUNTAS FRECUENTES<\/h3>\n<\/div><\/div><div class=\"w-separator size_huge\"><\/div><\/div><\/div><\/div><\/div><\/div><\/section><section class=\"l-section wpb_row height_custom\"><div class=\"l-section-h i-cf\"><div class=\"g-cols vc_row via_flex valign_top type_default stacking_default\"><div class=\"vc_col-sm-12 wpb_column vc_column_container\"><div class=\"vc_column-inner\"><div class=\"wpb_wrapper\"><div class=\"w-tabs style_default switch_click accordion has_scrolling\" style=\"--sections-title-size:inherit\"><div class=\"w-tabs-sections titles-align_none icon_plus cpos_right\"><div class=\"w-tabs-section\" id=\"f543\"><button class=\"w-tabs-section-header\" aria-controls=\"content-f543\" aria-expanded=\"false\"><div class=\"w-tabs-section-title\">1.- \u00bfQu\u00e9 debo hacer si recibo una demanda que me cita a la oficina de un receptor?<\/div><div class=\"w-tabs-section-control\"><\/div><\/button><div  class=\"w-tabs-section-content\" id=\"content-f543\"><div class=\"w-tabs-section-content-h i-cf\"><div class=\"wpb_text_column us_custom_432d3f53\"><div class=\"wpb_wrapper\"><p>La \u00fanica funci\u00f3n de la citaci\u00f3n a la oficina del receptor es requerirlo de pago, es decir se le pregunta si pagara o no, la suma se\u00f1alada en la demanda. Si usted no concurre no tiene ning\u00fan efecto negativo ni positivo, lo que hay que tener presente es que desde el d\u00eda de la citaci\u00f3n comienza a correr el plazo legal para defenderse judicialmente (oposici\u00f3n de excepciones)<\/p>\n<\/div><\/div><\/div><\/div><\/div><div class=\"w-tabs-section\" id=\"w7ee\"><button class=\"w-tabs-section-header\" aria-controls=\"content-w7ee\" aria-expanded=\"false\"><div class=\"w-tabs-section-title\">2.- \u00bfPuedo salir del pa\u00eds si tengo deudas con casas comerciales, Bancos o Instituciones Financieras?<\/div><div class=\"w-tabs-section-control\"><\/div><\/button><div  class=\"w-tabs-section-content\" id=\"content-w7ee\"><div class=\"w-tabs-section-content-h i-cf\"><div class=\"wpb_text_column us_custom_432d3f53\"><div class=\"wpb_wrapper\"><p>Si, no existe ninguna prohibici\u00f3n al respecto, pero si sabe que pronto ser\u00e1 demandado lo recomendable es dejar un mandato judicial a un tercero a fin que pueda representarlo en juicio. Existen algunas excepciones como es el caso del delito de giro doloso de cheques donde el demandante puede pedir orden de arraigo nacional o internacional en contra del demandado.<\/p>\n<\/div><\/div><\/div><\/div><\/div><div class=\"w-tabs-section\" id=\"oa62\"><button class=\"w-tabs-section-header\" aria-controls=\"content-oa62\" aria-expanded=\"false\"><div class=\"w-tabs-section-title\">3.- \u00bfPuedo pagar mi deuda directamente en tribunales y cu\u00e1l es la conveniencia?<\/div><div class=\"w-tabs-section-control\"><\/div><\/button><div  class=\"w-tabs-section-content\" id=\"content-oa62\"><div class=\"w-tabs-section-content-h i-cf\"><div class=\"wpb_text_column us_custom_432d3f53\"><div class=\"wpb_wrapper\"><p>Es perfectamente posible pagar una deuda directamente en Tribunales a trav\u00e9s de presentaciones realizadas por su abogado donde se acompa\u00f1en los comprobantes de dep\u00f3sito de la deuda, tambi\u00e9n se pueden hacer pagos parciales (abonos) y lograr acuerdos con el acreedor. Insistiendo en este punto es ocasiones los expertos recomiendan afrontar judicialmente una deuda, antes que repactar en condiciones abusivas que solo provocan que la deuda sea pr\u00e1cticamente impagable.<\/p>\n<\/div><\/div><\/div><\/div><\/div><div class=\"w-tabs-section\" id=\"ecf5\"><button class=\"w-tabs-section-header\" aria-controls=\"content-ecf5\" aria-expanded=\"false\"><div class=\"w-tabs-section-title\">4.- Me es imposible pagar mis deudas, \u00bfcu\u00e1les son las acciones que pueden ejercer los acreedores en mi contra?<\/div><div class=\"w-tabs-section-control\"><\/div><\/button><div  class=\"w-tabs-section-content\" id=\"content-ecf5\"><div class=\"w-tabs-section-content-h i-cf\"><div class=\"wpb_text_column us_custom_432d3f53\"><div class=\"wpb_wrapper\"><p>La acci\u00f3n que la ley concede al acreedor es iniciar un juicio ejecutivo por cobro de pesos, mediante el cual tratara de pagarse con el producto del remate de sus bienes, solo una asesor\u00eda efectiva y oportuna lo pueden ayudar a que este tipo de acciones no prospere en su contra.<\/p>\n<\/div><\/div><\/div><\/div><\/div><div class=\"w-tabs-section\" id=\"ff4e\"><button class=\"w-tabs-section-header\" aria-controls=\"content-ff4e\" aria-expanded=\"false\"><div class=\"w-tabs-section-title\">5.- \u00bfPrescribe una deuda?<\/div><div class=\"w-tabs-section-control\"><\/div><\/button><div  class=\"w-tabs-section-content\" id=\"content-ff4e\"><div class=\"w-tabs-section-content-h i-cf\"><div class=\"wpb_text_column us_custom_432d3f53\"><div class=\"wpb_wrapper\"><p>Por supuesto, por seguridad jur\u00eddica debe existir la prescripci\u00f3n, lo que hay que tener claro es que existe un genero de prescripciones de corto de plazo, como las derivadas de letras de cambio, cheque s y pagares, que por regla general tienen un plazo de prescripci\u00f3n de un a\u00f1o desde el vencimiento del documento o presentaci\u00f3n de la demanda ejecutiva, siempre y cuando esta no haya sido notificada durante dicho plazo al demandado.<\/p>\n<\/div><\/div><\/div><\/div><\/div><div class=\"w-tabs-section\" id=\"z199\"><button class=\"w-tabs-section-header\" aria-controls=\"content-z199\" aria-expanded=\"false\"><div class=\"w-tabs-section-title\">6.- \u00bfPueden rematar mi casa por deudas que mantengo con casas comerciales o Bancos?<\/div><div class=\"w-tabs-section-control\"><\/div><\/button><div  class=\"w-tabs-section-content\" id=\"content-z199\"><div class=\"w-tabs-section-content-h i-cf\"><div class=\"wpb_text_column us_custom_432d3f53\"><div class=\"wpb_wrapper\"><p>Si, incluso si usted debe a modo de ejemplo 2 millones de pesos, aun por ese monto el tribunal puede autorizar para que se embargue y remate su propiedad. Nuestro estudio jur\u00eddico es experto en darle una soluci\u00f3n a nuestros clientes por este tipo de problemas, si este es su caso, lo invitamos a comunicarse con nosotros.<\/p>\n<\/div><\/div><\/div><\/div><\/div><div class=\"w-tabs-section\" id=\"u3e2\"><button class=\"w-tabs-section-header\" aria-controls=\"content-u3e2\" aria-expanded=\"false\"><div class=\"w-tabs-section-title\">7.- \u00bfDebo ser notificado personalmente de una demanda por deudas?<\/div><div class=\"w-tabs-section-control\"><\/div><\/button><div  class=\"w-tabs-section-content\" id=\"content-u3e2\"><div class=\"w-tabs-section-content-h i-cf\"><div class=\"wpb_text_column us_custom_432d3f53\"><div class=\"wpb_wrapper\"><p>No, en caso que se constate por medio de un receptor judicial que usted se encuentra en el domicilio se\u00f1alado por el demandante en su demanda, se puede ordenar por parte del tribunal se notifique la demanda por medio de una cedula que es entregada a cualquier persona adulta que este en su domicilio o incluso se fijaran copias de la demanda en la puerta de su casa por lo que se entender\u00e1 v\u00e1lidamente notificado de la demanda ejecutiva.<\/p>\n<\/div><\/div><\/div><\/div><\/div><div class=\"w-tabs-section\" id=\"d687\"><button class=\"w-tabs-section-header\" aria-controls=\"content-d687\" aria-expanded=\"false\"><div class=\"w-tabs-section-title\">8.- \u00bfQu\u00e9 debo hacer si un receptor judicial me notifica una demanda ejecutiva por deudas?<\/div><div class=\"w-tabs-section-control\"><\/div><\/button><div  class=\"w-tabs-section-content\" id=\"content-d687\"><div class=\"w-tabs-section-content-h i-cf\"><div class=\"wpb_text_column us_custom_432d3f53\"><div class=\"wpb_wrapper\"><p>Un error que cometen con frecuencia las personas demandadas por deudas es no contestar la demanda o lo que en tecnicismo jur\u00eddico se denomina oposici\u00f3n de excepciones a la demanda ejecutiva, pues sus beneficios pueden llegar a ser de tal magnitud que incluso el tribunal que conoce del juicio puede acoger total o parcialmente las excepciones interpuestas ordenando se detenga la ejecuci\u00f3n contra el deudor e incluso declarar que la deuda esta prescrita si se cumplen los requisitos legales, tambi\u00e9n se pueden alegar ciertos incidentes como el abandono del procedimiento o en caso de no estar conforme con la sentencia del tribunal que conoce del asunto se pueden presentar recursos de apelaci\u00f3n ante la Corte de Apelaciones respectiva para que conozca de la apelaci\u00f3n y se pronuncie respecto a ella.\u00a0<u>El plazo fatal para oponer estas excepciones es de ocho d\u00edas si la notificaci\u00f3n fue en la misma comuna donde se present\u00f3 la demanda u ocho d\u00edas si fue en una comuna distinta de la misma jurisdicci\u00f3n.<\/u><\/p>\n<\/div><\/div><\/div><\/div><\/div><div class=\"w-tabs-section\" id=\"r8df\"><button class=\"w-tabs-section-header\" aria-controls=\"content-r8df\" aria-expanded=\"false\"><div class=\"w-tabs-section-title\">9.- \u00bfHace m\u00e1s de un a\u00f1o que se presento una demanda en mi contra, pero nunca no he sido notificado?<\/div><div class=\"w-tabs-section-control\"><\/div><\/button><div  class=\"w-tabs-section-content\" id=\"content-r8df\"><div class=\"w-tabs-section-content-h i-cf\"><div class=\"wpb_text_column us_custom_432d3f53\"><div class=\"wpb_wrapper\"><p>Esa puede ser una situaci\u00f3n muy beneficiosa para usted, pues de acuerda a la ley hay ciertas prescripciones de corto tiempo que se pueden alegar dentro del plazo de un a\u00f1o desde que la deuda se hizo exigible o desde la presentaci\u00f3n de la demanda, como es el caso de algunas demandas ejecutivas que tienen como titulo de la ejecuci\u00f3n un cheque, pagare o letra de cambio, generalmente las casas comerciales, Bancos e instituciones financieras utilizan estos instrumentos a la hora de demandar por lo que cumpli\u00e9ndose con los presupuestos legales se puede alegar la prescripci\u00f3n por v\u00eda de excepci\u00f3n dentro del mismo juicio.<\/p>\n<\/div><\/div><\/div><\/div><\/div><div class=\"w-tabs-section\" id=\"nbac\"><button class=\"w-tabs-section-header\" aria-controls=\"content-nbac\" aria-expanded=\"false\"><div class=\"w-tabs-section-title\">10.- \u00bfPuedo eliminar Dicom a trav\u00e9s de una forma distinta al pago de la deuda?<\/div><div class=\"w-tabs-section-control\"><\/div><\/button><div  class=\"w-tabs-section-content\" id=\"content-nbac\"><div class=\"w-tabs-section-content-h i-cf\"><div class=\"wpb_text_column us_custom_432d3f53\"><div class=\"wpb_wrapper\"><p>Es perfectamente posible, las deudas se pueden eliminar de Dicom a trav\u00e9s de:<\/p>\n<ol>\n<li>Sentencias de prescripci\u00f3n<\/li>\n<li>Sentencias de abandonos de procedimientos<\/li>\n<li>A trav\u00e9s del pago por consignaci\u00f3n<\/li>\n<li>A trav\u00e9s del proceso judicial de liquidaci\u00f3n de bienes.<\/li>\n<li>A trav\u00e9s de un acuerdo alcanzado con el acreedor.<\/li>\n<\/ol>\n<\/div><\/div><\/div><\/div><\/div><div class=\"w-tabs-section\" id=\"we0b\"><button class=\"w-tabs-section-header\" aria-controls=\"content-we0b\" aria-expanded=\"false\"><div class=\"w-tabs-section-title\">11.- \u00bfNecesito de un abogado para eliminar Dicom?<\/div><div class=\"w-tabs-section-control\"><\/div><\/button><div  class=\"w-tabs-section-content\" id=\"content-we0b\"><div class=\"w-tabs-section-content-h i-cf\"><div class=\"wpb_text_column us_custom_432d3f53\"><div class=\"wpb_wrapper\"><p>En estricto rigor, es necesario contar con un abogado, toda vez que, se deben obtener sentencias judiciales previas para eliminaci\u00f3n de antecedentes y las sentencias son pronunciadas por los Tribunales del Pa\u00eds, en donde toda persona debe comparecer patrocinada por un abogado.<\/p>\n<\/div><\/div><\/div><\/div><\/div><div class=\"w-tabs-section\" id=\"w064\"><button class=\"w-tabs-section-header\" aria-controls=\"content-w064\" aria-expanded=\"false\"><div class=\"w-tabs-section-title\">12.- \u00bfLas deudas antiguas se pueden eliminar de dicom?<\/div><div class=\"w-tabs-section-control\"><\/div><\/button><div  class=\"w-tabs-section-content\" id=\"content-w064\"><div class=\"w-tabs-section-content-h i-cf\"><div class=\"wpb_text_column us_custom_432d3f53\"><div class=\"wpb_wrapper\"><p>Es perfectamente posible a trav\u00e9s de un abogado eliminar la totalidad de las deudas antiguas. Lo anterior es realizado en los tribunales de justicia solicitando prescripci\u00f3n o abandono de procedimiento, contando con el debido patrocinio de un abogado.<\/p>\n<\/div><\/div><\/div><\/div><\/div><div class=\"w-tabs-section\" id=\"k314\"><button class=\"w-tabs-section-header\" aria-controls=\"content-k314\" aria-expanded=\"false\"><div class=\"w-tabs-section-title\">13.- \u00bfComo puedo tomar conocimiento si fui demandado por una deuda que me aparece Dicom?<\/div><div class=\"w-tabs-section-control\"><\/div><\/button><div  class=\"w-tabs-section-content\" id=\"content-k314\"><div class=\"w-tabs-section-content-h i-cf\"><div class=\"wpb_text_column us_custom_432d3f53\"><div class=\"wpb_wrapper\"><p>Es posible acceder a esos antecedentes, para ello debe coordinar una reuni\u00f3n con nuestros abogados, quienes le dar\u00e1n a conocer el detalle de la demanda impetrada en su contra, informaci\u00f3n que se obtendr\u00e1 por medio de registros oficiales y actualizados.<\/p>\n<p>Si ha pasado mucho tiempo desde que me demandaron, pero no me notificaron de la demanda, \u00bfpodr\u00eda eliminar del dicom por el monto de dinero por el cual me demandaron?<\/p>\n<p>Efectivamente se puede eliminar de todos los registros o antecedentes comerciales, a trav\u00e9s de una sentencia judicial de prescripci\u00f3n o de abandono del procedimiento. Para lo anterior debe contar con un abogado que la represente en dicho juicio.<\/p>\n<\/div><\/div><\/div><\/div><\/div><div class=\"w-tabs-section\" id=\"s59d\"><button class=\"w-tabs-section-header\" aria-controls=\"content-s59d\" aria-expanded=\"false\"><div class=\"w-tabs-section-title\">14.- \u00bfSi las deudas no figuran en el Dicom, significa que prescribieron y por ende no me pueden demandar?<\/div><div class=\"w-tabs-section-control\"><\/div><\/button><div  class=\"w-tabs-section-content\" id=\"content-s59d\"><div class=\"w-tabs-section-content-h i-cf\"><div class=\"wpb_text_column us_custom_432d3f53\"><div class=\"wpb_wrapper\"><p>No es as\u00ed, las deudas no prescriben de forma autom\u00e1tica, sino que la persona interesada en beneficiarse con ella (el deudor) debe instar por el pronunciamiento de prescripci\u00f3n en un tribunal de pa\u00eds y para lo cual requiere estar representada por un abogado. Una vez declarada la prescripci\u00f3n usted podr\u00e1 estar tranquilo, toda vez que, no lo podr\u00e1n demandar.<\/p>\n<\/div><\/div><\/div><\/div><\/div><div class=\"w-tabs-section\" id=\"m76a\"><button class=\"w-tabs-section-header\" aria-controls=\"content-m76a\" aria-expanded=\"false\"><div class=\"w-tabs-section-title\">15.- \u00bfEs legal ser notificado en mi domicilio laboral?<\/div><div class=\"w-tabs-section-control\"><\/div><\/button><div  class=\"w-tabs-section-content\" id=\"content-m76a\"><div class=\"w-tabs-section-content-h i-cf\"><div class=\"wpb_text_column us_custom_432d3f53\"><div class=\"wpb_wrapper\"><p>Efectivamente es legal, ya que la ley otorga esta posibilidad al receptor. Si usted ha sido demandado y notificado ases\u00f3rese por un abogado de nuestro estudio jur\u00eddico. <\/p>\n<\/div><\/div><\/div><\/div><\/div><div class=\"w-tabs-section\" id=\"aa78\"><button class=\"w-tabs-section-header\" aria-controls=\"content-aa78\" aria-expanded=\"false\"><div class=\"w-tabs-section-title\">16.- \u00bfQue es el embargo?<\/div><div class=\"w-tabs-section-control\"><\/div><\/button><div  class=\"w-tabs-section-content\" id=\"content-aa78\"><div class=\"w-tabs-section-content-h i-cf\"><div class=\"wpb_text_column us_custom_432d3f53\"><div class=\"wpb_wrapper\"><p>El embargo es una instituci\u00f3n jur\u00eddico-procesal, que en palabras sencillas y claras consiste en un apremio a consecuencia de una orden judicial, que busca afectar determinados bienes o derechos de contenido econ\u00f3mico del deudor, para hacer cumplir sobre ellos una obligaci\u00f3n pecuniaria que se encuentra exigible y no cumplida en forma \u00edntegra y oportuna por el deudor.<\/p>\n<p>Todo esto con el objeto de apremiar al deudor al pago de la deuda para con su acreedor.<\/p>\n<p>Ahora bien, el embargo frecuentemente se practica respecto de bienes corporales sean estos muebles e inmuebles, sin perjuicio que se puedan practicar respecto de bienes inmateriales como los cr\u00e9ditos.<\/p>\n<p>El embargo que se practica respecto a bienes muebles es el m\u00e1s usual y se materializa cuando un receptor judicial se dirige a su casa acompa\u00f1ado en algunas oportunidades con un funcionario policial, a fin de proceder a levantar un acta de todos los bienes que se encuentran al interior del hogar y que sean embargables, todo ello en virtud de una orden de un tribunal que ha dado respuesta a una demanda presentada por su acreedor.<\/p>\n<p>En el caso de los bienes inmuebles (propiedades) se procede al embargo en virtud de una solicitud de inscripci\u00f3n realizada por el receptor judicial al conservador de bienes ra\u00edces anot\u00e1ndose al margen del t\u00edtulo de dominio.<\/p>\n<p>Es menester hacer presente que el embargo tiene por objeto hacer efectivo el cr\u00e9dito del acreedor, cuando dicho cr\u00e9dito no se ha cumplido o pagado en tiempo y forma por parte del deudor; por lo que si no se realiza el pago, dichos bienes ser\u00e1n realizados o rematados en p\u00fablica subasta a fin de que con el producto o resultado de dichos bienes se haga el pago de la deuda.<\/p>\n<p>Si usted se encuentra en esta situaci\u00f3n o en alguna similar no dude en contactarse con nosotros. Recuerde que una defensa oportuna puede evitar un sin n\u00famero de consecuencias perjudiciales para usted y su patrimonio.<\/p>\n<\/div><\/div><\/div><\/div><\/div><div class=\"w-tabs-section\" id=\"fcbb\"><button class=\"w-tabs-section-header\" aria-controls=\"content-fcbb\" aria-expanded=\"false\"><div class=\"w-tabs-section-title\">17.- \u00bfQu\u00e9 pasa si vendo los bienes objeto del embargo?<\/div><div class=\"w-tabs-section-control\"><\/div><\/button><div  class=\"w-tabs-section-content\" id=\"content-fcbb\"><div class=\"w-tabs-section-content-h i-cf\"><div class=\"wpb_text_column us_custom_432d3f53\"><div class=\"wpb_wrapper\"><p>Si el deudor vende alg\u00fan bien, comete el delito de depositario alzado, por eso es importante siempre exigir el acta del embargo al receptor que lo realiza. Es menester se\u00f1alar adem\u00e1s que dicho acto adolece de objeto il\u00edcito.<\/p>\n<\/div><\/div><\/div><\/div><\/div><div class=\"w-tabs-section\" id=\"xf19\"><button class=\"w-tabs-section-header\" aria-controls=\"content-xf19\" aria-expanded=\"false\"><div class=\"w-tabs-section-title\">18.- \u00bfQu\u00e9 es el requerimiento de pago?<\/div><div class=\"w-tabs-section-control\"><\/div><\/button><div  class=\"w-tabs-section-content\" id=\"content-xf19\"><div class=\"w-tabs-section-content-h i-cf\"><div class=\"wpb_text_column us_custom_432d3f53\"><div class=\"wpb_wrapper\"><p>Acto por el cual el receptor solicita al deudor el pago de lo adeudado y le se\u00f1ala en el acto que si no cumple con el pago se le embargar\u00e1n bienes suficientes para su posterior remate.<\/p>\n<\/div><\/div><\/div><\/div><\/div><div class=\"w-tabs-section\" id=\"e158\"><button class=\"w-tabs-section-header\" aria-controls=\"content-e158\" aria-expanded=\"false\"><div class=\"w-tabs-section-title\">19.- \u00bfCu\u00e1les son los plazos de prescripci\u00f3n de los t\u00edtulos ejecutivos?<\/div><div class=\"w-tabs-section-control\"><\/div><\/button><div  class=\"w-tabs-section-content\" id=\"content-e158\"><div class=\"w-tabs-section-content-h i-cf\"><div class=\"wpb_text_column us_custom_432d3f53\"><div class=\"wpb_wrapper\"><p>El cobro de un cheque prescribe en un a\u00f1o desde que se notifica el protesto, lo mismo para una letra de cambio o pagar\u00e9. Las dem\u00e1s acciones ejecutivas prescriben en tres a\u00f1os.<\/p>\n<\/div><\/div><\/div><\/div><\/div><div class=\"w-tabs-section\" id=\"u3a3\"><button class=\"w-tabs-section-header\" aria-controls=\"content-u3a3\" aria-expanded=\"false\"><div class=\"w-tabs-section-title\">20.- \u00bfQu\u00e9 Bienes son inembargables?<\/div><div class=\"w-tabs-section-control\"><\/div><\/button><div  class=\"w-tabs-section-content\" id=\"content-u3a3\"><div class=\"w-tabs-section-content-h i-cf\"><div class=\"wpb_text_column us_custom_432d3f53\"><div class=\"wpb_wrapper\"><p>Los sueldos, excepto en las deudas por pensiones alimenticias. P\u00f3lizas de seguro. Libros relativos a la profesi\u00f3n. M\u00e1quinas e instrumentos de que se sirve el deudor para la ense\u00f1anza de una ciencia o arte. Muebles de cocina, dormitorio, ropa necesaria para el abrigo del deudor, su conyugu\u00e9 e hijos.<\/p>\n<\/div><\/div><\/div><\/div><\/div><div class=\"w-tabs-section\" id=\"o65c\"><button class=\"w-tabs-section-header\" aria-controls=\"content-o65c\" aria-expanded=\"false\"><div class=\"w-tabs-section-title\">21.- \u00bfSi he cesado en el pago de mis deudas, cuando puede demandarme mi acreedor?<\/div><div class=\"w-tabs-section-control\"><\/div><\/button><div  class=\"w-tabs-section-content\" id=\"content-o65c\"><div class=\"w-tabs-section-content-h i-cf\"><div class=\"wpb_text_column us_custom_432d3f53\"><div class=\"wpb_wrapper\"><p>Depende del acreedor, la ley establece que si se cuenta con un t\u00edtulo ejecutivo que d\u00e9 cuenta de una obligaci\u00f3n y esta obligaci\u00f3n no ha sido cumplido siendo actualmente exigible se podr\u00e1 proceder en contra del deudor ejecutivamente. La experiencia en deudas de nuestro estudio es que se realicen entre el 2\u00b0 y 8\u00b0 mes desde el incumplimiento.<\/p>\n<p>Es por ello que de suma importancia que usted se contacte con su abogado en forma previa, ya que de dicha forma lograr\u00e1 una defensa preventiva que podr\u00eda evitar perniciosas consecuencias.<\/p>\n<\/div><\/div><\/div><\/div><\/div><\/div><\/div><\/div><\/div><\/div><\/div><\/div><\/section>\n","protected":false},"excerpt":{"rendered":"PREGUNTAS FRECUENTES 1.- \u00bfQu\u00e9 debo hacer si recibo una demanda que me cita a la oficina de un receptor?La \u00fanica funci\u00f3n de la citaci\u00f3n a la oficina del receptor es requerirlo de pago, es decir se le pregunta si pagara o no, la suma se\u00f1alada en la demanda. Si usted no concurre no tiene ning\u00fan...","protected":false},"author":1,"featured_media":0,"parent":0,"menu_order":0,"comment_status":"closed","ping_status":"closed","template":"","meta":{"footnotes":""},"acf":[],"_links":{"self":[{"href":"http:\/\/nomasdeudas.cl\/index.php\/wp-json\/wp\/v2\/pages\/8280"}],"collection":[{"href":"http:\/\/nomasdeudas.cl\/index.php\/wp-json\/wp\/v2\/pages"}],"about":[{"href":"http:\/\/nomasdeudas.cl\/index.php\/wp-json\/wp\/v2\/types\/page"}],"author":[{"embeddable":true,"href":"http:\/\/nomasdeudas.cl\/index.php\/wp-json\/wp\/v2\/users\/1"}],"replies":[{"embeddable":true,"href":"http:\/\/nomasdeudas.cl\/index.php\/wp-json\/wp\/v2\/comments?post=8280"}],"version-history":[{"count":4,"href":"http:\/\/nomasdeudas.cl\/index.php\/wp-json\/wp\/v2\/pages\/8280\/revisions"}],"predecessor-version":[{"id":8286,"href":"http:\/\/nomasdeudas.cl\/index.php\/wp-json\/wp\/v2\/pages\/8280\/revisions\/8286"}],"wp:attachment":[{"href":"http:\/\/nomasdeudas.cl\/index.php\/wp-json\/wp\/v2\/media?parent=8280"}],"curies":[{"name":"wp","href":"https:\/\/api.w.org\/{rel}","templated":true}]}}